{"id":55552,"date":"2024-02-28T08:15:21","date_gmt":"2024-09-13T13:12:35","guid":{"rendered":"https:\/\/staging.nbg.eu\/product\/fox-ammunition-65x55se-123-gr\/"},"modified":"2024-09-13T13:13:44","modified_gmt":"2024-09-13T13:13:44","slug":"fox-ammunition-65x55se-123-gr","status":"publish","type":"product","link":"https:\/\/staging.nbg.eu\/es\/producto\/fox-ammunition-65x55se-123-gr\/","title":{"rendered":"Fox Ammunition 6,5x55SE (123 gr)"},"content":{"rendered":"<div class=\"product-description\">\n<h2>Munici\u00f3n Fox Classic Hunter<\/h2>\n<p>Los proyectiles Fox Classic Hunter son sin plomo, dise\u00f1ados para escenarios de caza europeos. Hechos de aleaci\u00f3n de cobre y zinc, ofrecen:<\/p>\n<ul>\n<li>Rendimiento en cacer\u00edas de jabal\u00ed a corta distancia y disparos de monta\u00f1a a larga distancia<\/li>\n<li>Deformaci\u00f3n a velocidades de impacto bajas (500 m\/s)<\/li>\n<li>Dise\u00f1o acanalado para reducir la presi\u00f3n del ca\u00f1\u00f3n y aumentar la velocidad<\/li>\n<li>Punta de pl\u00e1stico termoestable para bal\u00edstica y efecto terminal<\/li>\n<li>Expansi\u00f3n controlada para transferencia de energ\u00eda y poder de parada<\/li>\n<li>Deformaci\u00f3n en hongo hasta el doble del di\u00e1metro del calibre<\/li>\n<li>Retenci\u00f3n de masa del 95%+ en condiciones normales de penetraci\u00f3n<\/li>\n<li>Preservaci\u00f3n de la carne<\/li>\n<\/ul>\n<p>Munici\u00f3n Fox Classic Hunter para caza.<\/p>\n<\/div>\n","protected":false},"excerpt":{"rendered":"<p>Munici\u00f3n sin plomo para la caza europea vers\u00e1til. Precisa y eficaz.<\/p>\n","protected":false},"featured_media":55553,"template":"","meta":{"_acf_changed":false},"product_brand":[11345],"product_cat":[12254,12291],"product_tag":[],"class_list":{"0":"post-55552","1":"product","2":"type-product","3":"status-publish","4":"has-post-thumbnail","6":"product_brand-fox-bullets","7":"product_cat-municion","8":"product_cat-municion-de-rifle","10":"first","11":"instock","12":"taxable","13":"shipping-taxable","14":"purchasable","15":"product-type-simple"},"acf":[],"_links":{"self":[{"href":"https:\/\/staging.nbg.eu\/es\/wp-json\/wp\/v2\/product\/55552","targetHints":{"allow":["GET"]}}],"collection":[{"href":"https:\/\/staging.nbg.eu\/es\/wp-json\/wp\/v2\/product"}],"about":[{"href":"https:\/\/staging.nbg.eu\/es\/wp-json\/wp\/v2\/types\/product"}],"wp:featuredmedia":[{"embeddable":true,"href":"https:\/\/staging.nbg.eu\/es\/wp-json\/wp\/v2\/media\/55553"}],"wp:attachment":[{"href":"https:\/\/staging.nbg.eu\/es\/wp-json\/wp\/v2\/media?parent=55552"}],"wp:term":[{"taxonomy":"product_brand","embeddable":true,"href":"https:\/\/staging.nbg.eu\/es\/wp-json\/wp\/v2\/product_brand?post=55552"},{"taxonomy":"product_cat","embeddable":true,"href":"https:\/\/staging.nbg.eu\/es\/wp-json\/wp\/v2\/product_cat?post=55552"},{"taxonomy":"product_tag","embeddable":true,"href":"https:\/\/staging.nbg.eu\/es\/wp-json\/wp\/v2\/product_tag?post=55552"}],"curies":[{"name":"wp","href":"https:\/\/api.w.org\/{rel}","templated":true}]}}