{"id":554299,"date":"2025-09-06T16:21:27","date_gmt":"2025-09-06T13:21:27","guid":{"rendered":"https:\/\/staging.nbg.eu\/product\/armazone-q-r-viper-30mm\/"},"modified":"2025-10-01T16:26:46","modified_gmt":"2025-10-01T13:26:46","slug":"armazon-q-r-viper-30mm","status":"publish","type":"product","link":"https:\/\/staging.nbg.eu\/es\/producto\/armazon-q-r-viper-30mm\/","title":{"rendered":"Armaz\u00f3n Q-R Viper 30mm"},"content":{"rendered":"<h2>Armazone Q-R Viper 30mm<\/h2>\n<p>El Armazone Q-R Viper 30mm es un adaptador QR dise\u00f1ado para dispositivos con rosca M33.5\u00d70.75. Este adaptador de sujeci\u00f3n de una pieza permite la integraci\u00f3n de dispositivos de visi\u00f3n nocturna o t\u00e9rmica con una variedad de miras diurnas.<\/p>\n<h2>Caracter\u00edsticas principales:<\/h2>\n<ul>\n<li>Palanca de bloqueo r\u00e1pido para montaje y desmontaje f\u00e1cil<\/li>\n<li>Ajuste e instalaci\u00f3n sin herramientas<\/li>\n<li>Cinta especial ArmaZone para reducci\u00f3n de ruido durante el montaje y disparo<\/li>\n<li>Compatible con utensilios t\u00e9rmicos Nitehog<\/li>\n<li>Compensa hasta 1mm de deflexi\u00f3n hacia abajo<\/li>\n<\/ul>\n<p>El Armazone Q-R Viper 30mm es una soluci\u00f3n para tiradores y cazadores que buscan capacidades mejoradas de visi\u00f3n nocturna.<\/p>\n","protected":false},"excerpt":{"rendered":"<p>Adaptador de bloqueo r\u00e1pido para dispositivos t\u00e9rmicos en visores Nitehog. Sin necesidad de herramientas.<\/p>\n","protected":false},"featured_media":499546,"template":"","meta":{"_acf_changed":false},"product_brand":[],"product_cat":[12212,12255,12210],"product_tag":[],"class_list":{"0":"post-554299","1":"product","2":"type-product","3":"status-publish","4":"has-post-thumbnail","6":"product_cat-accesorios-de-punteria","7":"product_cat-punteria","8":"product_cat-termico","10":"first","11":"instock","12":"taxable","13":"shipping-taxable","14":"purchasable","15":"product-type-simple"},"acf":[],"_links":{"self":[{"href":"https:\/\/staging.nbg.eu\/es\/wp-json\/wp\/v2\/product\/554299","targetHints":{"allow":["GET"]}}],"collection":[{"href":"https:\/\/staging.nbg.eu\/es\/wp-json\/wp\/v2\/product"}],"about":[{"href":"https:\/\/staging.nbg.eu\/es\/wp-json\/wp\/v2\/types\/product"}],"wp:featuredmedia":[{"embeddable":true,"href":"https:\/\/staging.nbg.eu\/es\/wp-json\/wp\/v2\/media\/499546"}],"wp:attachment":[{"href":"https:\/\/staging.nbg.eu\/es\/wp-json\/wp\/v2\/media?parent=554299"}],"wp:term":[{"taxonomy":"product_brand","embeddable":true,"href":"https:\/\/staging.nbg.eu\/es\/wp-json\/wp\/v2\/product_brand?post=554299"},{"taxonomy":"product_cat","embeddable":true,"href":"https:\/\/staging.nbg.eu\/es\/wp-json\/wp\/v2\/product_cat?post=554299"},{"taxonomy":"product_tag","embeddable":true,"href":"https:\/\/staging.nbg.eu\/es\/wp-json\/wp\/v2\/product_tag?post=554299"}],"curies":[{"name":"wp","href":"https:\/\/api.w.org\/{rel}","templated":true}]}}