{"id":54986,"date":"2024-03-01T10:36:26","date_gmt":"2024-03-01T10:36:26","guid":{"rendered":"https:\/\/staging.nbg.eu\/product\/fox-ammunition-93x62-220-gr\/"},"modified":"2024-09-13T13:08:24","modified_gmt":"2024-09-13T13:08:24","slug":"fox-ammunition-93x62-220-gr","status":"publish","type":"product","link":"https:\/\/staging.nbg.eu\/es\/producto\/fox-ammunition-93x62-220-gr\/","title":{"rendered":"Fox Ammunition 9,3&#215;62 &#8211; 220 gr"},"content":{"rendered":"<div class=\"product-description\">\n<h2>Munici\u00f3n Fox Classic Hunter<\/h2>\n<p>Las balas Fox Classic Hunter son sin plomo, dise\u00f1adas para escenarios de caza europeos. Hechas de aleaci\u00f3n de cobre y zinc, ofrecen:<\/p>\n<ul>\n<li>Rendimiento efectivo desde cacer\u00edas de jabal\u00ed a corta distancia hasta disparos de monta\u00f1a a larga distancia<\/li>\n<li>Deformaci\u00f3n fiable a velocidades de impacto m\u00e1s bajas (500 m\/s)<\/li>\n<li>Dise\u00f1o acanalado para reducir la presi\u00f3n del ca\u00f1\u00f3n y aumentar la velocidad<\/li>\n<li>Punta de pl\u00e1stico termoestable para mejorar la bal\u00edstica y el efecto terminal<\/li>\n<li>Expansi\u00f3n controlada para una transferencia de energ\u00eda eficiente y poder de detenci\u00f3n<\/li>\n<li>Deformaci\u00f3n en forma de hongo hasta el doble del di\u00e1metro del calibre<\/li>\n<li>Retenci\u00f3n de masa del 95%+ en condiciones normales de penetraci\u00f3n<\/li>\n<li>Buena preservaci\u00f3n de la carne<\/li>\n<\/ul>\n<p>Fox Classic Hunter ofrece rendimiento y caza \u00e9tica.<\/p>\n<\/div>\n","protected":false},"excerpt":{"rendered":"<p>Munici\u00f3n sin plomo para la caza europea vers\u00e1til. Precisa y eficaz.<\/p>\n","protected":false},"featured_media":54987,"template":"","meta":{"_acf_changed":false},"product_brand":[11345],"product_cat":[12264,12254,12291],"product_tag":[],"class_list":{"0":"post-54986","1":"product","2":"type-product","3":"status-publish","4":"has-post-thumbnail","6":"product_brand-fox-bullets","7":"product_cat-licenciado","8":"product_cat-municion","9":"product_cat-municion-de-rifle","11":"first","12":"instock","13":"taxable","14":"shipping-taxable","15":"purchasable","16":"product-type-simple"},"acf":[],"_links":{"self":[{"href":"https:\/\/staging.nbg.eu\/es\/wp-json\/wp\/v2\/product\/54986","targetHints":{"allow":["GET"]}}],"collection":[{"href":"https:\/\/staging.nbg.eu\/es\/wp-json\/wp\/v2\/product"}],"about":[{"href":"https:\/\/staging.nbg.eu\/es\/wp-json\/wp\/v2\/types\/product"}],"wp:featuredmedia":[{"embeddable":true,"href":"https:\/\/staging.nbg.eu\/es\/wp-json\/wp\/v2\/media\/54987"}],"wp:attachment":[{"href":"https:\/\/staging.nbg.eu\/es\/wp-json\/wp\/v2\/media?parent=54986"}],"wp:term":[{"taxonomy":"product_brand","embeddable":true,"href":"https:\/\/staging.nbg.eu\/es\/wp-json\/wp\/v2\/product_brand?post=54986"},{"taxonomy":"product_cat","embeddable":true,"href":"https:\/\/staging.nbg.eu\/es\/wp-json\/wp\/v2\/product_cat?post=54986"},{"taxonomy":"product_tag","embeddable":true,"href":"https:\/\/staging.nbg.eu\/es\/wp-json\/wp\/v2\/product_tag?post=54986"}],"curies":[{"name":"wp","href":"https:\/\/api.w.org\/{rel}","templated":true}]}}