{"id":54544,"date":"2024-03-02T07:29:43","date_gmt":"2024-09-13T13:02:35","guid":{"rendered":"https:\/\/staging.nbg.eu\/product\/bore-tech-proof-positive-rifle-jag-multiple-calibers\/"},"modified":"2024-09-13T13:03:41","modified_gmt":"2024-09-13T13:03:41","slug":"bore-tech-proof-positive-jag-para-rifle-multiples-calibres","status":"publish","type":"product","link":"https:\/\/staging.nbg.eu\/es\/producto\/bore-tech-proof-positive-jag-para-rifle-multiples-calibres\/","title":{"rendered":"Bore Tech Proof-Positive Jag para Rifle (M\u00faltiples Calibres)"},"content":{"rendered":"<div class=\"product-description\">\n<h2>Escobill\u00f3n para rifle Bore Tech Proof-Positive (M\u00faltiples calibres)<\/h2>\n<p>Elimine indicaciones falsas de suciedad de cobre con los escobillones para parches de rifle Bore Tech Proof-Positive. Fabricados con una aleaci\u00f3n sin lat\u00f3n, estos escobillones son seguros para el ca\u00f1\u00f3n y tienen alta resistencia a la tracci\u00f3n. Caracter\u00edsticas incluyen:<\/p>\n<ul>\n<li>Doble juego de 4 anillos de contacto para mejor limpieza<\/li>\n<li>Mecanizado de precisi\u00f3n para presi\u00f3n conc\u00e9ntrica<\/li>\n<li>Dise\u00f1o de cono invertido para proteger la boca del ca\u00f1\u00f3n<\/li>\n<\/ul>\n<p>Obtenga ca\u00f1ones limpios con menos desperdicio.<\/p>\n<\/div>\n","protected":false},"excerpt":{"rendered":"<p>El innovador escobill\u00f3n para rifle elimina las falsas indicaciones de acumulaci\u00f3n de cobre.<\/p>\n","protected":false},"featured_media":54545,"template":"","meta":{"_acf_changed":false},"product_brand":[11163],"product_cat":[12287,12285,12260],"product_tag":[],"class_list":{"0":"post-54544","1":"product","2":"type-product","3":"status-publish","4":"has-post-thumbnail","6":"product_brand-boretech","7":"product_cat-cepillos","8":"product_cat-escobillones","9":"product_cat-limpieza-de-armas","11":"first","12":"instock","13":"taxable","14":"shipping-taxable","15":"purchasable","16":"product-type-variable","17":"wvs-archive-product-wrapper"},"acf":[],"_links":{"self":[{"href":"https:\/\/staging.nbg.eu\/es\/wp-json\/wp\/v2\/product\/54544","targetHints":{"allow":["GET"]}}],"collection":[{"href":"https:\/\/staging.nbg.eu\/es\/wp-json\/wp\/v2\/product"}],"about":[{"href":"https:\/\/staging.nbg.eu\/es\/wp-json\/wp\/v2\/types\/product"}],"wp:featuredmedia":[{"embeddable":true,"href":"https:\/\/staging.nbg.eu\/es\/wp-json\/wp\/v2\/media\/54545"}],"wp:attachment":[{"href":"https:\/\/staging.nbg.eu\/es\/wp-json\/wp\/v2\/media?parent=54544"}],"wp:term":[{"taxonomy":"product_brand","embeddable":true,"href":"https:\/\/staging.nbg.eu\/es\/wp-json\/wp\/v2\/product_brand?post=54544"},{"taxonomy":"product_cat","embeddable":true,"href":"https:\/\/staging.nbg.eu\/es\/wp-json\/wp\/v2\/product_cat?post=54544"},{"taxonomy":"product_tag","embeddable":true,"href":"https:\/\/staging.nbg.eu\/es\/wp-json\/wp\/v2\/product_tag?post=54544"}],"curies":[{"name":"wp","href":"https:\/\/api.w.org\/{rel}","templated":true}]}}