{"id":540854,"date":"2025-09-05T18:09:45","date_gmt":"2025-09-05T15:09:45","guid":{"rendered":"https:\/\/staging.nbg.eu\/product\/bullet-berger-cal-6-5-creedmoor-elite-hunter-140gr-100pcs\/"},"modified":"2025-09-30T17:22:55","modified_gmt":"2025-09-30T14:22:55","slug":"bala-berger-cal-65-creedmoor-elite-hunter-140gr100pcs","status":"publish","type":"product","link":"https:\/\/staging.nbg.eu\/es\/producto\/bala-berger-cal-65-creedmoor-elite-hunter-140gr100pcs\/","title":{"rendered":"Bala Berger cal. 6.5 Creedmoor Elite Hunter 140gr.\/100pcs."},"content":{"rendered":"<h2>Bala Berger cal. 6.5 Creedmoor Elite Hunter 140gr.\/100pcs.<\/h2>\n<p>Balas Berger 6.5 Creedmoor 140 Granos Elite Hunter para caza de animales medianos. Caracter\u00edsticas:<\/p>\n<ul>\n<li><strong>Consistencia:<\/strong> Usa chaquetas de bala J4 Precision con desviaci\u00f3n total indicada de +\/-.0003&#8243;<\/li>\n<li><strong>Ojiva h\u00edbrida:<\/strong> Combina formas de nariz tangente y secante para trayectoria m\u00e1s plana<\/li>\n<li><strong>N\u00facleo consistente:<\/strong> Elimina la necesidad de clasificar por peso<\/li>\n<li><strong>Dise\u00f1o de cola de bote:<\/strong> Proporciona ventaja aerodin\u00e1mica a largas distancias<\/li>\n<li><strong>Chaqueta de caza J4:<\/strong> Permite penetraci\u00f3n de 2-3&#8243; antes de la expansi\u00f3n r\u00e1pida<\/li>\n<\/ul>\n<p>Para tiro competitivo y caza. Ofrece bal\u00edstica exterior, rendimiento terminal y retroceso \u00f3ptimo. Con un coeficiente bal\u00edstico G1 de 0.606 y velocidad inicial de 2750 pies por segundo.<\/p>\n<p>Especificaciones:<\/p>\n<ul>\n<li>Peso: 140 Granos<\/li>\n<li>Coeficiente bal\u00edstico G7: 0.31<\/li>\n<li>Giro m\u00ednimo: 1:8&#8243; o m\u00e1s r\u00e1pido<\/li>\n<li>COAL m\u00e1ximo: 2.825&#8243;<\/li>\n<li>Energ\u00eda en boca: 2351 pies-libra<\/li>\n<\/ul>\n<p>Balas Berger Elite Hunter para caza y tiro competitivo.<\/p>\n","protected":false},"excerpt":{"rendered":"<p>Elite Hunter 6.5 Creedmoor: Bala precisa y confiable de 140 granos para caza de animales de tama\u00f1o mediano.<\/p>\n","protected":false},"featured_media":498861,"template":"","meta":{"_acf_changed":false},"product_brand":[],"product_cat":[12258,12254,12275],"product_tag":[],"class_list":{"0":"post-540854","1":"product","2":"type-product","3":"status-publish","4":"has-post-thumbnail","6":"product_cat-balas","7":"product_cat-municion","8":"product_cat-recarga","10":"first","11":"instock","12":"taxable","13":"shipping-taxable","14":"product-type-simple"},"acf":[],"_links":{"self":[{"href":"https:\/\/staging.nbg.eu\/es\/wp-json\/wp\/v2\/product\/540854","targetHints":{"allow":["GET"]}}],"collection":[{"href":"https:\/\/staging.nbg.eu\/es\/wp-json\/wp\/v2\/product"}],"about":[{"href":"https:\/\/staging.nbg.eu\/es\/wp-json\/wp\/v2\/types\/product"}],"wp:featuredmedia":[{"embeddable":true,"href":"https:\/\/staging.nbg.eu\/es\/wp-json\/wp\/v2\/media\/498861"}],"wp:attachment":[{"href":"https:\/\/staging.nbg.eu\/es\/wp-json\/wp\/v2\/media?parent=540854"}],"wp:term":[{"taxonomy":"product_brand","embeddable":true,"href":"https:\/\/staging.nbg.eu\/es\/wp-json\/wp\/v2\/product_brand?post=540854"},{"taxonomy":"product_cat","embeddable":true,"href":"https:\/\/staging.nbg.eu\/es\/wp-json\/wp\/v2\/product_cat?post=540854"},{"taxonomy":"product_tag","embeddable":true,"href":"https:\/\/staging.nbg.eu\/es\/wp-json\/wp\/v2\/product_tag?post=540854"}],"curies":[{"name":"wp","href":"https:\/\/api.w.org\/{rel}","templated":true}]}}