{"id":53934,"date":"2024-03-04T08:23:25","date_gmt":"2024-09-13T12:54:39","guid":{"rendered":"https:\/\/staging.nbg.eu\/product\/bore-tech-bronze-rifle-brush-3-pack-multiple-calibers\/"},"modified":"2024-09-13T12:55:43","modified_gmt":"2024-09-13T12:55:43","slug":"bore-tech-cepillo-de-bronce-para-rifle-pack-de-3-multiples-calibres","status":"publish","type":"product","link":"https:\/\/staging.nbg.eu\/es\/producto\/bore-tech-cepillo-de-bronce-para-rifle-pack-de-3-multiples-calibres\/","title":{"rendered":"Bore Tech Cepillo de Bronce para Rifle (Pack de 3, M\u00faltiples Calibres)"},"content":{"rendered":"<p>\nEl cepillo para rifle de bronce Bore Tech est\u00e1 construido con caracter\u00edsticas espec\u00edficas. Tiene el doble de cerdas de bronce fosforoso para una limpieza m\u00e1s eficaz, y ofrece:<\/p>\n<ul>\n<li>N\u00facleo de doble torsi\u00f3n con extremos en bucle para proteger el ca\u00f1\u00f3n<\/li>\n<li>Pernos de aluminio de grado aeron\u00e1utico<\/li>\n<li>Di\u00e1metros de cerdas espec\u00edficos para cada calibre<\/li>\n<li>Disponible en calibres desde .17 hasta .50<\/li>\n<\/ul>\n<p>Los cepillos Bore Tech permiten una limpieza m\u00e1s r\u00e1pida y efectiva.<\/p>\n","protected":false},"excerpt":{"rendered":"<p>Cepillo de bronce premium para rifle, ideal para una limpieza eficiente y segura del ca\u00f1\u00f3n.<\/p>\n","protected":false},"featured_media":53935,"template":"","meta":{"_acf_changed":false},"product_brand":[11163],"product_cat":[12287,12260],"product_tag":[],"class_list":{"0":"post-53934","1":"product","2":"type-product","3":"status-publish","4":"has-post-thumbnail","6":"product_brand-boretech","7":"product_cat-cepillos","8":"product_cat-limpieza-de-armas","10":"first","11":"instock","12":"taxable","13":"shipping-taxable","14":"purchasable","15":"product-type-variable","16":"wvs-archive-product-wrapper"},"acf":[],"_links":{"self":[{"href":"https:\/\/staging.nbg.eu\/es\/wp-json\/wp\/v2\/product\/53934","targetHints":{"allow":["GET"]}}],"collection":[{"href":"https:\/\/staging.nbg.eu\/es\/wp-json\/wp\/v2\/product"}],"about":[{"href":"https:\/\/staging.nbg.eu\/es\/wp-json\/wp\/v2\/types\/product"}],"wp:featuredmedia":[{"embeddable":true,"href":"https:\/\/staging.nbg.eu\/es\/wp-json\/wp\/v2\/media\/53935"}],"wp:attachment":[{"href":"https:\/\/staging.nbg.eu\/es\/wp-json\/wp\/v2\/media?parent=53934"}],"wp:term":[{"taxonomy":"product_brand","embeddable":true,"href":"https:\/\/staging.nbg.eu\/es\/wp-json\/wp\/v2\/product_brand?post=53934"},{"taxonomy":"product_cat","embeddable":true,"href":"https:\/\/staging.nbg.eu\/es\/wp-json\/wp\/v2\/product_cat?post=53934"},{"taxonomy":"product_tag","embeddable":true,"href":"https:\/\/staging.nbg.eu\/es\/wp-json\/wp\/v2\/product_tag?post=53934"}],"curies":[{"name":"wp","href":"https:\/\/api.w.org\/{rel}","templated":true}]}}