{"id":538964,"date":"2025-09-05T17:38:05","date_gmt":"2025-09-05T14:38:05","guid":{"rendered":"https:\/\/staging.nbg.eu\/product\/ar-15-bolt-catch-roll-pin\/"},"modified":"2025-09-30T13:40:24","modified_gmt":"2025-09-30T10:40:24","slug":"pasador-retenedor-de-cerrojo-ar-15","status":"publish","type":"product","link":"https:\/\/staging.nbg.eu\/es\/producto\/pasador-retenedor-de-cerrojo-ar-15\/","title":{"rendered":"PASADOR RETENEDOR DE CERROJO AR-15"},"content":{"rendered":"<div class=\"product-description\">\n<h2>Pasador de rodillo para el retenedor del cerrojo AR-15<\/h2>\n<p>Pasador para el retenedor del cerrojo del AR-15. Fabricado en Estados Unidos, este componente asegura el funcionamiento del arma de fuego.<\/p>\n<ul>\n<li><strong>N\u00famero Brownells:<\/strong> 100044599<\/li>\n<li><strong>N\u00famero del fabricante:<\/strong> 55CA547<\/li>\n<li><strong>UPC:<\/strong> 810046231234<\/li>\n<li><strong>Ajuste de modelo:<\/strong> Universal para AR-15<\/li>\n<\/ul>\n<p>Este pasador est\u00e1 dise\u00f1ado para ajustarse universalmente en plataformas AR-15, haci\u00e9ndolo compatible con varios modelos. Fabricado para cumplir con est\u00e1ndares de calidad, proporciona una conexi\u00f3n segura para el conjunto del retenedor del cerrojo.<\/p>\n<\/div>\n","protected":false},"excerpt":{"rendered":"<p>Pasador de rodillo para el ret\u00e9n del cerrojo AR-15 fabricado en EE. UU. Esencial para la instalaci\u00f3n del ret\u00e9n del cerrojo.<\/p>\n","protected":false},"featured_media":497330,"template":"","meta":{"_acf_changed":false},"product_brand":[],"product_cat":[12228,12279],"product_tag":[],"class_list":{"0":"post-538964","1":"product","2":"type-product","3":"status-publish","4":"has-post-thumbnail","6":"product_cat-ajuste-de-rifle","7":"product_cat-rifle","9":"first","10":"instock","11":"taxable","12":"shipping-taxable","13":"purchasable","14":"product-type-simple"},"acf":[],"_links":{"self":[{"href":"https:\/\/staging.nbg.eu\/es\/wp-json\/wp\/v2\/product\/538964","targetHints":{"allow":["GET"]}}],"collection":[{"href":"https:\/\/staging.nbg.eu\/es\/wp-json\/wp\/v2\/product"}],"about":[{"href":"https:\/\/staging.nbg.eu\/es\/wp-json\/wp\/v2\/types\/product"}],"wp:featuredmedia":[{"embeddable":true,"href":"https:\/\/staging.nbg.eu\/es\/wp-json\/wp\/v2\/media\/497330"}],"wp:attachment":[{"href":"https:\/\/staging.nbg.eu\/es\/wp-json\/wp\/v2\/media?parent=538964"}],"wp:term":[{"taxonomy":"product_brand","embeddable":true,"href":"https:\/\/staging.nbg.eu\/es\/wp-json\/wp\/v2\/product_brand?post=538964"},{"taxonomy":"product_cat","embeddable":true,"href":"https:\/\/staging.nbg.eu\/es\/wp-json\/wp\/v2\/product_cat?post=538964"},{"taxonomy":"product_tag","embeddable":true,"href":"https:\/\/staging.nbg.eu\/es\/wp-json\/wp\/v2\/product_tag?post=538964"}],"curies":[{"name":"wp","href":"https:\/\/api.w.org\/{rel}","templated":true}]}}