{"id":537768,"date":"2025-09-05T00:17:22","date_gmt":"2025-09-04T21:17:22","guid":{"rendered":"https:\/\/staging.nbg.eu\/product\/badger-ordnance-34mm-condition-one-accessory-ring-cap-tan-700-34\/"},"modified":"2025-09-30T11:50:54","modified_gmt":"2025-09-30T08:50:54","slug":"badger-ordnance-tapa-de-anillo-accesorio-34mm-condition-one-tan-700-34","status":"publish","type":"product","link":"https:\/\/staging.nbg.eu\/es\/producto\/badger-ordnance-tapa-de-anillo-accesorio-34mm-condition-one-tan-700-34\/","title":{"rendered":"BADGER ORDNANCE Tapa de Anillo Accesorio 34MM CONDITION ONE TAN (700-34)"},"content":{"rendered":"<div class=\"product-description\">\n<h2>ANILLO ACCESORIO BADGER ORDNANCE 34MM CONDITION ONE TAPA COLOR TAN (700-34)<\/h2>\n<p>Mejore su Soporte Modular Condition One con la Tapa de Anillo Accesorio Condition One (C1 ARC) de Badger Ordnance. Este accesorio ofrece:<\/p>\n<ul>\n<li>Integraci\u00f3n con Soportes Modulares Condition One<\/li>\n<li>Opciones de fijaci\u00f3n en posici\u00f3n delantera o trasera<\/li>\n<li>Compatibilidad con varios accesorios, incluyendo rieles para tel\u00e9metros l\u00e1ser y miras de punto rojo a las 12 en punto<\/li>\n<li>F\u00e1cil colocaci\u00f3n\/extracci\u00f3n sin alterar el ajuste del visor principal<\/li>\n<li>Acabado color tan para aplicaciones t\u00e1cticas<\/li>\n<\/ul>\n<p>Mejore su configuraci\u00f3n de \u00f3ptica con el C1 ARC, dise\u00f1ado para proporcionar personalizaci\u00f3n y funcionalidad para tiradores y profesionales. Pruebe Badger Ordnance hoy.<\/p>\n<\/div>\n","protected":false},"excerpt":{"rendered":"<p>Anillo de tapa personalizable de 34mm para soportes Condition One. Accesorio vers\u00e1til para fijaci\u00f3n.<\/p>\n","protected":false},"featured_media":496492,"template":"","meta":{"_acf_changed":false},"product_brand":[11098],"product_cat":[12212,12255],"product_tag":[],"class_list":{"0":"post-537768","1":"product","2":"type-product","3":"status-publish","4":"has-post-thumbnail","6":"product_brand-badger-ordnance","7":"product_cat-accesorios-de-punteria","8":"product_cat-punteria","10":"first","11":"instock","12":"taxable","13":"shipping-taxable","14":"purchasable","15":"product-type-simple"},"acf":[],"_links":{"self":[{"href":"https:\/\/staging.nbg.eu\/es\/wp-json\/wp\/v2\/product\/537768","targetHints":{"allow":["GET"]}}],"collection":[{"href":"https:\/\/staging.nbg.eu\/es\/wp-json\/wp\/v2\/product"}],"about":[{"href":"https:\/\/staging.nbg.eu\/es\/wp-json\/wp\/v2\/types\/product"}],"wp:featuredmedia":[{"embeddable":true,"href":"https:\/\/staging.nbg.eu\/es\/wp-json\/wp\/v2\/media\/496492"}],"wp:attachment":[{"href":"https:\/\/staging.nbg.eu\/es\/wp-json\/wp\/v2\/media?parent=537768"}],"wp:term":[{"taxonomy":"product_brand","embeddable":true,"href":"https:\/\/staging.nbg.eu\/es\/wp-json\/wp\/v2\/product_brand?post=537768"},{"taxonomy":"product_cat","embeddable":true,"href":"https:\/\/staging.nbg.eu\/es\/wp-json\/wp\/v2\/product_cat?post=537768"},{"taxonomy":"product_tag","embeddable":true,"href":"https:\/\/staging.nbg.eu\/es\/wp-json\/wp\/v2\/product_tag?post=537768"}],"curies":[{"name":"wp","href":"https:\/\/api.w.org\/{rel}","templated":true}]}}