{"id":535858,"date":"2025-09-05T00:02:56","date_gmt":"2025-09-04T21:02:56","guid":{"rendered":"https:\/\/staging.nbg.eu\/product\/ismi-11-lb-spring-glock-17-gl11\/"},"modified":"2025-09-29T16:30:45","modified_gmt":"2025-09-29T13:30:45","slug":"ismi-resorte-11-lb-glock-17-gl11","status":"publish","type":"product","link":"https:\/\/staging.nbg.eu\/es\/producto\/ismi-resorte-11-lb-glock-17-gl11\/","title":{"rendered":"ISMI Resorte 11 lb. Glock 17 (GL11)"},"content":{"rendered":"<h2>Resorte ISMI de 11 lb. para Glock 17 (GL11)<\/h2>\n<p>Resorte ISMI de 11 lb. (GL11) para Glock 17. Este resorte est\u00e1 dise\u00f1ado para:<\/p>\n<ul>\n<li>Aumentar la velocidad del cerrojo<\/li>\n<li>Reducir el retroceso<\/li>\n<li>Mejorar la fiabilidad con diferentes tipos de munici\u00f3n<\/li>\n<li>Proporcionar rendimiento en diversas condiciones clim\u00e1ticas<\/li>\n<\/ul>\n<p>Fabricado con alambre de cromo-silicio. El peso de 11 lb. es adecuado para tiradores de competici\u00f3n. Compatible con modelos Glock 17 y armazones de tama\u00f1o similar. Instalaci\u00f3n sencilla.<\/p>\n<p><strong>Especificaciones:<\/strong><\/p>\n<ul>\n<li>Peso: 11 lb<\/li>\n<li>Material: Cromo-silicio<\/li>\n<li>Compatible con: Glock 17 y modelos similares<\/li>\n<li>Fabricado en Estados Unidos<\/li>\n<\/ul>\n","protected":false},"excerpt":{"rendered":"<p>Resorte de alta resistencia de 11 libras para Glock 17. Mejora el tiro del gatillo y el reinicio.<\/p>\n","protected":false},"featured_media":0,"template":"","meta":{"_acf_changed":false},"product_brand":[],"product_cat":[12280,12236],"product_tag":[],"class_list":{"0":"post-535858","1":"product","2":"type-product","3":"status-publish","5":"product_cat-piezas-de-pistola","6":"product_cat-pistola","8":"first","9":"outofstock","10":"taxable","11":"shipping-taxable","12":"purchasable","13":"product-type-simple"},"acf":[],"_links":{"self":[{"href":"https:\/\/staging.nbg.eu\/es\/wp-json\/wp\/v2\/product\/535858","targetHints":{"allow":["GET"]}}],"collection":[{"href":"https:\/\/staging.nbg.eu\/es\/wp-json\/wp\/v2\/product"}],"about":[{"href":"https:\/\/staging.nbg.eu\/es\/wp-json\/wp\/v2\/types\/product"}],"wp:attachment":[{"href":"https:\/\/staging.nbg.eu\/es\/wp-json\/wp\/v2\/media?parent=535858"}],"wp:term":[{"taxonomy":"product_brand","embeddable":true,"href":"https:\/\/staging.nbg.eu\/es\/wp-json\/wp\/v2\/product_brand?post=535858"},{"taxonomy":"product_cat","embeddable":true,"href":"https:\/\/staging.nbg.eu\/es\/wp-json\/wp\/v2\/product_cat?post=535858"},{"taxonomy":"product_tag","embeddable":true,"href":"https:\/\/staging.nbg.eu\/es\/wp-json\/wp\/v2\/product_tag?post=535858"}],"curies":[{"name":"wp","href":"https:\/\/api.w.org\/{rel}","templated":true}]}}