{"id":535432,"date":"2025-09-04T23:53:51","date_gmt":"2025-09-04T20:53:51","guid":{"rendered":"https:\/\/staging.nbg.eu\/product\/law-tactical-llc-ar-15-m16-gen3-m-folding-stock-adapter-99312\/"},"modified":"2025-09-29T15:52:13","modified_gmt":"2025-09-29T12:52:13","slug":"law-tactical-llc-adaptador-de-culata-plegable-ar-15m16-gen3-m-99312","status":"publish","type":"product","link":"https:\/\/staging.nbg.eu\/es\/producto\/law-tactical-llc-adaptador-de-culata-plegable-ar-15m16-gen3-m-99312\/","title":{"rendered":"LAW TACTICAL LLC Adaptador de Culata Plegable AR-15\/M16 Gen3-M (99312)"},"content":{"rendered":"<h2>Adaptador de culata plegable LAW TACTICAL LLC AR-15\/M16 Gen3-M (99312)<\/h2>\n<p>Adaptador de culata plegable compatible con rifles de plataforma AR. Este accesorio funciona con sistemas de impacto directo y de pist\u00f3n de gas, y se adapta a tubos y culatas A2, de carabina, mil-spec o comerciales.<\/p>\n<ul>\n<li>Compatible con grupos de portacerrojo est\u00e1ndar (autom\u00e1tico completo, semiautom\u00e1tico, 5.56 a .308)<\/li>\n<li>Para transporte de bajo perfil<\/li>\n<li>Liberaci\u00f3n con un solo bot\u00f3n para plegar<\/li>\n<li>Bloqueo autom\u00e1tico cuando se despliega<\/li>\n<li>Fabricado por CNC en acero 4140<\/li>\n<li>Dise\u00f1ado, construido y ensamblado en los EE.UU.<\/li>\n<li>Punto de anclaje integrado para correa de un punto<\/li>\n<\/ul>\n<p>Aumenta la versatilidad de su AR sin comprometer su funci\u00f3n.<\/p>\n","protected":false},"excerpt":{"rendered":"<p>Adaptador de culata plegable compacto para AR-15\/M16 para transporte de bajo perfil.<\/p>\n","protected":false},"featured_media":496064,"template":"","meta":{"_acf_changed":false},"product_brand":[],"product_cat":[12228,12239,12279],"product_tag":[],"class_list":{"0":"post-535432","1":"product","2":"type-product","3":"status-publish","4":"has-post-thumbnail","6":"product_cat-ajuste-de-rifle","7":"product_cat-culatas-para-rifle","8":"product_cat-rifle","10":"first","11":"instock","12":"taxable","13":"shipping-taxable","14":"purchasable","15":"product-type-simple"},"acf":[],"_links":{"self":[{"href":"https:\/\/staging.nbg.eu\/es\/wp-json\/wp\/v2\/product\/535432","targetHints":{"allow":["GET"]}}],"collection":[{"href":"https:\/\/staging.nbg.eu\/es\/wp-json\/wp\/v2\/product"}],"about":[{"href":"https:\/\/staging.nbg.eu\/es\/wp-json\/wp\/v2\/types\/product"}],"wp:featuredmedia":[{"embeddable":true,"href":"https:\/\/staging.nbg.eu\/es\/wp-json\/wp\/v2\/media\/496064"}],"wp:attachment":[{"href":"https:\/\/staging.nbg.eu\/es\/wp-json\/wp\/v2\/media?parent=535432"}],"wp:term":[{"taxonomy":"product_brand","embeddable":true,"href":"https:\/\/staging.nbg.eu\/es\/wp-json\/wp\/v2\/product_brand?post=535432"},{"taxonomy":"product_cat","embeddable":true,"href":"https:\/\/staging.nbg.eu\/es\/wp-json\/wp\/v2\/product_cat?post=535432"},{"taxonomy":"product_tag","embeddable":true,"href":"https:\/\/staging.nbg.eu\/es\/wp-json\/wp\/v2\/product_tag?post=535432"}],"curies":[{"name":"wp","href":"https:\/\/api.w.org\/{rel}","templated":true}]}}