{"id":535322,"date":"2025-09-04T23:53:23","date_gmt":"2025-09-04T20:53:23","guid":{"rendered":"https:\/\/staging.nbg.eu\/product\/bravo-company-bcmgunfighter-quick-detach-sling-swivel-heavy-duty-design-bcm-qdss-2\/"},"modified":"2025-09-29T15:43:14","modified_gmt":"2025-09-29T12:43:14","slug":"bravo-company-bcmgunfighter-giratorio-para-portafusil-de-desenganche-rapido-diseno-reforzado-bcm-qdss-2","status":"publish","type":"product","link":"https:\/\/staging.nbg.eu\/es\/producto\/bravo-company-bcmgunfighter-giratorio-para-portafusil-de-desenganche-rapido-diseno-reforzado-bcm-qdss-2\/","title":{"rendered":"BRAVO COMPANY BCMGUNFIGHTER Giratorio para Portafusil de Desenganche R\u00e1pido Dise\u00f1o Reforzado (BCM-QDSs-2)"},"content":{"rendered":"<h2>Gancho de liberaci\u00f3n r\u00e1pida para correa BCMGUNFIGHTER\u2122 (Dise\u00f1o resistente)<\/h2>\n<p>El gancho de liberaci\u00f3n r\u00e1pida BCMGUNFIGHTER\u2122 (BCM-QDSs-2) es un dise\u00f1o resistente para correas de 1-1\/4&#8243;.<\/p>\n<ul>\n<li>\u00c9mbolo al ras para evitar la liberaci\u00f3n accidental<\/li>\n<li>Desbarbado y arenado antes del recubrimiento para un acabado liso<\/li>\n<li>Fabricado en acero al carbono con acabado de fosfato de manganeso<\/li>\n<li>Compatible con correas de 1-1\/4&#8243;<\/li>\n<\/ul>\n<p>Este gancho de correa est\u00e1 fabricado en los Estados Unidos.<\/p>\n","protected":false},"excerpt":{"rendered":"<p>Anilla giratoria QD resistente fabricada en EE. UU. para correas de 1,25&#8243;. Segura y duradera.<\/p>\n","protected":false},"featured_media":495903,"template":"","meta":{"_acf_changed":false},"product_brand":[11075],"product_cat":[12228,12242,12279],"product_tag":[],"class_list":{"0":"post-535322","1":"product","2":"type-product","3":"status-publish","4":"has-post-thumbnail","6":"product_brand-bcm","7":"product_cat-ajuste-de-rifle","8":"product_cat-portafusiles","9":"product_cat-rifle","11":"first","12":"outofstock","13":"taxable","14":"shipping-taxable","15":"purchasable","16":"product-type-simple"},"acf":[],"_links":{"self":[{"href":"https:\/\/staging.nbg.eu\/es\/wp-json\/wp\/v2\/product\/535322","targetHints":{"allow":["GET"]}}],"collection":[{"href":"https:\/\/staging.nbg.eu\/es\/wp-json\/wp\/v2\/product"}],"about":[{"href":"https:\/\/staging.nbg.eu\/es\/wp-json\/wp\/v2\/types\/product"}],"wp:featuredmedia":[{"embeddable":true,"href":"https:\/\/staging.nbg.eu\/es\/wp-json\/wp\/v2\/media\/495903"}],"wp:attachment":[{"href":"https:\/\/staging.nbg.eu\/es\/wp-json\/wp\/v2\/media?parent=535322"}],"wp:term":[{"taxonomy":"product_brand","embeddable":true,"href":"https:\/\/staging.nbg.eu\/es\/wp-json\/wp\/v2\/product_brand?post=535322"},{"taxonomy":"product_cat","embeddable":true,"href":"https:\/\/staging.nbg.eu\/es\/wp-json\/wp\/v2\/product_cat?post=535322"},{"taxonomy":"product_tag","embeddable":true,"href":"https:\/\/staging.nbg.eu\/es\/wp-json\/wp\/v2\/product_tag?post=535322"}],"curies":[{"name":"wp","href":"https:\/\/api.w.org\/{rel}","templated":true}]}}