{"id":53522,"date":"2024-03-04T08:51:50","date_gmt":"2024-09-13T12:50:15","guid":{"rendered":"https:\/\/staging.nbg.eu\/product\/bore-tech-proof-positive-bore-stix-multiple-calibers\/"},"modified":"2024-09-13T12:51:25","modified_gmt":"2024-09-13T12:51:25","slug":"bore-tech-proof-positive-bore-stix-multiples-calibres","status":"publish","type":"product","link":"https:\/\/staging.nbg.eu\/es\/producto\/bore-tech-proof-positive-bore-stix-multiples-calibres\/","title":{"rendered":"Bore Tech Proof-Positive Bore Stix (M\u00faltiples Calibres)"},"content":{"rendered":"<p>\n<strong>Varillas de limpieza Bore Tech Proof-Positive (M\u00faltiples calibres)<\/strong><br \/>\nLas varillas de limpieza Bore Tech Proof-Positive Bore Stix\u2122 incluyen:<\/p>\n<ul>\n<li>Mangos con rodamientos de bolas<\/li>\n<li>Dise\u00f1o flotante para seguir el estriado<\/li>\n<li>Empu\u00f1aduras de goma antideslizantes codificadas por color<\/li>\n<li>Punta reemplazable, segura para el ca\u00f1\u00f3n, no de lat\u00f3n<\/li>\n<li>N\u00facleo de acero para mayor rigidez<\/li>\n<li>Revestimiento de baja fricci\u00f3n<\/li>\n<li>Sistema de identificaci\u00f3n del paso de estriado del ca\u00f1\u00f3n<\/li>\n<\/ul>\n<p>Bore Tech Proof-Positive Bore Stix.<\/p>\n","protected":false},"excerpt":{"rendered":"<p>Varillas de limpieza de precisi\u00f3n con mangos de rodamiento de bolas y puntas reemplazables.<\/p>\n","protected":false},"featured_media":53523,"template":"","meta":{"_acf_changed":false},"product_brand":[11163],"product_cat":[12219,12260],"product_tag":[],"class_list":{"0":"post-53522","1":"product","2":"type-product","3":"status-publish","4":"has-post-thumbnail","6":"product_brand-boretech","7":"product_cat-baquetas-de-limpieza","8":"product_cat-limpieza-de-armas","10":"first","11":"instock","12":"taxable","13":"shipping-taxable","14":"purchasable","15":"product-type-variable","16":"wvs-archive-product-wrapper"},"acf":[],"_links":{"self":[{"href":"https:\/\/staging.nbg.eu\/es\/wp-json\/wp\/v2\/product\/53522","targetHints":{"allow":["GET"]}}],"collection":[{"href":"https:\/\/staging.nbg.eu\/es\/wp-json\/wp\/v2\/product"}],"about":[{"href":"https:\/\/staging.nbg.eu\/es\/wp-json\/wp\/v2\/types\/product"}],"wp:featuredmedia":[{"embeddable":true,"href":"https:\/\/staging.nbg.eu\/es\/wp-json\/wp\/v2\/media\/53523"}],"wp:attachment":[{"href":"https:\/\/staging.nbg.eu\/es\/wp-json\/wp\/v2\/media?parent=53522"}],"wp:term":[{"taxonomy":"product_brand","embeddable":true,"href":"https:\/\/staging.nbg.eu\/es\/wp-json\/wp\/v2\/product_brand?post=53522"},{"taxonomy":"product_cat","embeddable":true,"href":"https:\/\/staging.nbg.eu\/es\/wp-json\/wp\/v2\/product_cat?post=53522"},{"taxonomy":"product_tag","embeddable":true,"href":"https:\/\/staging.nbg.eu\/es\/wp-json\/wp\/v2\/product_tag?post=53522"}],"curies":[{"name":"wp","href":"https:\/\/api.w.org\/{rel}","templated":true}]}}