{"id":535101,"date":"2025-09-04T20:17:18","date_gmt":"2025-09-04T17:17:18","guid":{"rendered":"https:\/\/staging.nbg.eu\/product\/sprinco-usa-308-m4-extension-tube-cs-xp-buffer-spring-in-hard-tube-25762-orange\/"},"modified":"2025-09-29T15:16:56","modified_gmt":"2025-09-29T12:16:56","slug":"sprinco-usa-308-m4-resorte-de-buffer-cs-xp-con-tubo-de-extension-en-tubo-rigido-25762-naranja","status":"publish","type":"product","link":"https:\/\/staging.nbg.eu\/es\/producto\/sprinco-usa-308-m4-resorte-de-buffer-cs-xp-con-tubo-de-extension-en-tubo-rigido-25762-naranja\/","title":{"rendered":"SPRINCO USA 308 M4 Resorte de Buffer CS XP con Tubo de Extensi\u00f3n en Tubo R\u00edgido (25762) Naranja"},"content":{"rendered":"<div class=\"product-description\">\n<h2>SPRINCO USA 308 M4 Tubo de extensi\u00f3n CS XP Resorte de amortiguador en tubo duro (25762) Naranja<\/h2>\n<p>Este resorte de amortiguador para carabinas de armaz\u00f3n grande est\u00e1 dise\u00f1ado para funcionar en m\u00faltiples configuraciones:<\/p>\n<ul>\n<li>Patr\u00f3n DPMS .308 \/ 6.5 CM con tubo de amortiguador M4 est\u00e1ndar de 7&#8243; y amortiguador corto de 2.5&#8243;<\/li>\n<li>Carabinas de profundidad intermedia patr\u00f3n SR-25 \/ Armalite con amortiguadores de 3.25&#8243;<\/li>\n<li>Tubos M4 est\u00e1ndar de 7&#8243; en carabinas sobre-gasificadas (5.56, 6.8 SPC, 6.5 Grendel, etc.)<\/li>\n<\/ul>\n<p>Mejora el rendimiento de tu arma de fuego con este resorte de amortiguador. Empaquetado en un tubo duro para protecci\u00f3n durante el env\u00edo y almacenamiento.<\/p>\n<\/div>\n","protected":false},"excerpt":{"rendered":"<p>Resorte de amortiguaci\u00f3n vers\u00e1til para carabinas .308\/6,5 CM y rifles con exceso de gas.<\/p>\n","protected":false},"featured_media":495557,"template":"","meta":{"_acf_changed":false},"product_brand":[],"product_cat":[12228,12290,12279],"product_tag":[],"class_list":{"0":"post-535101","1":"product","2":"type-product","3":"status-publish","4":"has-post-thumbnail","6":"product_cat-ajuste-de-rifle","7":"product_cat-resortes","8":"product_cat-rifle","10":"first","11":"instock","12":"taxable","13":"shipping-taxable","14":"purchasable","15":"product-type-simple"},"acf":[],"_links":{"self":[{"href":"https:\/\/staging.nbg.eu\/es\/wp-json\/wp\/v2\/product\/535101","targetHints":{"allow":["GET"]}}],"collection":[{"href":"https:\/\/staging.nbg.eu\/es\/wp-json\/wp\/v2\/product"}],"about":[{"href":"https:\/\/staging.nbg.eu\/es\/wp-json\/wp\/v2\/types\/product"}],"wp:featuredmedia":[{"embeddable":true,"href":"https:\/\/staging.nbg.eu\/es\/wp-json\/wp\/v2\/media\/495557"}],"wp:attachment":[{"href":"https:\/\/staging.nbg.eu\/es\/wp-json\/wp\/v2\/media?parent=535101"}],"wp:term":[{"taxonomy":"product_brand","embeddable":true,"href":"https:\/\/staging.nbg.eu\/es\/wp-json\/wp\/v2\/product_brand?post=535101"},{"taxonomy":"product_cat","embeddable":true,"href":"https:\/\/staging.nbg.eu\/es\/wp-json\/wp\/v2\/product_cat?post=535101"},{"taxonomy":"product_tag","embeddable":true,"href":"https:\/\/staging.nbg.eu\/es\/wp-json\/wp\/v2\/product_tag?post=535101"}],"curies":[{"name":"wp","href":"https:\/\/api.w.org\/{rel}","templated":true}]}}