{"id":534882,"date":"2025-09-04T20:17:18","date_gmt":"2025-09-04T17:17:18","guid":{"rendered":"https:\/\/staging.nbg.eu\/product\/sprinco-usa-enhanced-4-coil-bolt-carrier-extractor-cs-spring-3-pak-25435-red\/"},"modified":"2025-09-29T14:50:24","modified_gmt":"2025-09-29T11:50:24","slug":"sprinco-usa-resorte-extractor-mejorado-de-4-espiras-para-portacerrojo-cs-paquete-de-3-25435-rojo","status":"publish","type":"product","link":"https:\/\/staging.nbg.eu\/es\/producto\/sprinco-usa-resorte-extractor-mejorado-de-4-espiras-para-portacerrojo-cs-paquete-de-3-25435-rojo\/","title":{"rendered":"SPRINCO USA Resorte Extractor Mejorado de 4 Espiras para Portacerrojo CS Paquete de 3 (25435) Rojo"},"content":{"rendered":"<div class=\"product-description\">\n<h2>SPRINCO USA Resorte extractor de portador de cerrojo mejorado de 4 espiras CS, paquete de 3 (25435) Rojo<\/h2>\n<p>Resortes extractores Sprinco fabricados en EE. UU. Hechos de alambre de cromo-silicio tratado t\u00e9rmicamente y aliviado de tensiones, estos resortes son procesados criog\u00e9nicamente y tienen un recubrimiento de disulfuro de molibdeno remicronizado.<\/p>\n<ul>\n<li>Mantiene la carga del ciclo de servicio extendido del resorte Mil-Spec NUEVO<\/li>\n<li>Para longitudes de ca\u00f1\u00f3n de 18&#8243;+ y recuperaci\u00f3n de lat\u00f3n<\/li>\n<li>Resistente al calor hasta 750\u00b0F<\/li>\n<li>Ciclos de servicio extremos con rendimiento constante<\/li>\n<li>Soluci\u00f3n de larga duraci\u00f3n \u00abconectar y usar\u00bb<\/li>\n<\/ul>\n<p>Resortes extractores Sprinco para el grupo del portador del cerrojo para mejorar el funcionamiento y la longevidad del arma de fuego.<\/p>\n<\/div>\n","protected":false},"excerpt":{"rendered":"<p>Resortes extractores duraderos de 4 bobinas para ciclos de trabajo extendidos. Fabricados en EE. UU.<\/p>\n","protected":false},"featured_media":495508,"template":"","meta":{"_acf_changed":false},"product_brand":[],"product_cat":[12295],"product_tag":[],"class_list":{"0":"post-534882","1":"product","2":"type-product","3":"status-publish","4":"has-post-thumbnail","6":"product_cat-sin-categoria","8":"first","9":"instock","10":"taxable","11":"shipping-taxable","12":"purchasable","13":"product-type-simple"},"acf":[],"_links":{"self":[{"href":"https:\/\/staging.nbg.eu\/es\/wp-json\/wp\/v2\/product\/534882","targetHints":{"allow":["GET"]}}],"collection":[{"href":"https:\/\/staging.nbg.eu\/es\/wp-json\/wp\/v2\/product"}],"about":[{"href":"https:\/\/staging.nbg.eu\/es\/wp-json\/wp\/v2\/types\/product"}],"wp:featuredmedia":[{"embeddable":true,"href":"https:\/\/staging.nbg.eu\/es\/wp-json\/wp\/v2\/media\/495508"}],"wp:attachment":[{"href":"https:\/\/staging.nbg.eu\/es\/wp-json\/wp\/v2\/media?parent=534882"}],"wp:term":[{"taxonomy":"product_brand","embeddable":true,"href":"https:\/\/staging.nbg.eu\/es\/wp-json\/wp\/v2\/product_brand?post=534882"},{"taxonomy":"product_cat","embeddable":true,"href":"https:\/\/staging.nbg.eu\/es\/wp-json\/wp\/v2\/product_cat?post=534882"},{"taxonomy":"product_tag","embeddable":true,"href":"https:\/\/staging.nbg.eu\/es\/wp-json\/wp\/v2\/product_tag?post=534882"}],"curies":[{"name":"wp","href":"https:\/\/api.w.org\/{rel}","templated":true}]}}