{"id":534769,"date":"2025-09-04T20:17:18","date_gmt":"2025-09-04T17:17:18","guid":{"rendered":"https:\/\/staging.nbg.eu\/product\/law-tactical-llc-ar-15-m16-gen3-m-folding-stock-adapter-fde-99313\/"},"modified":"2025-09-29T13:46:44","modified_gmt":"2025-09-29T10:46:44","slug":"law-tactical-llc-adaptador-de-culata-plegable-ar-15m16-gen3-m-fde-99313","status":"publish","type":"product","link":"https:\/\/staging.nbg.eu\/es\/producto\/law-tactical-llc-adaptador-de-culata-plegable-ar-15m16-gen3-m-fde-99313\/","title":{"rendered":"LAW TACTICAL LLC Adaptador de Culata Plegable AR-15\/M16 Gen3-M FDE (99313)"},"content":{"rendered":"<div class=\"product-description\">\n<h2>Adaptador de culata plegable LAW TACTICAL LLC AR-15\/M16 Gen3-M FDE (99313)<\/h2>\n<p>El adaptador de culata plegable LAW TACTICAL Gen3-M, fabricado en EE. UU., permite instalar una culata plegable en el AR-15, creando un rifle compacto para uso en veh\u00edculos o transporte discreto.<\/p>\n<ul>\n<li>Compatible con sistemas de gas directo y de pist\u00f3n de gas<\/li>\n<li>Acepta tubos receptores A2, mil-spec M4 y de carabina comercial<\/li>\n<li>Funciona con grupos de portacerrojo est\u00e1ndar, incluyendo autom\u00e1ticos y tama\u00f1o .308<\/li>\n<li>Operaci\u00f3n con un solo bot\u00f3n para plegado y desplegado r\u00e1pido<\/li>\n<li>Tensi\u00f3n de bisagra ajustable<\/li>\n<li>Recubrimiento DLC<\/li>\n<li>A\u00f1ade 1.3&#8243; a la longitud de tracci\u00f3n<\/li>\n<li>Peso: 8.5 oz<\/li>\n<\/ul>\n<p><strong>Nota:<\/strong> No disparar el rifle con la culata plegada. Compatible solo con portadores Centerfire y Mil-Spec, o cerrojos AR 9mm compatibles.<\/p>\n<\/div>\n","protected":false},"excerpt":{"rendered":"<p>Adaptador de culata plegable compacto para AR-15 para facilitar el transporte y almacenamiento.<\/p>\n","protected":false},"featured_media":495393,"template":"","meta":{"_acf_changed":false},"product_brand":[],"product_cat":[12228,12239,12279],"product_tag":[],"class_list":{"0":"post-534769","1":"product","2":"type-product","3":"status-publish","4":"has-post-thumbnail","6":"product_cat-ajuste-de-rifle","7":"product_cat-culatas-para-rifle","8":"product_cat-rifle","10":"first","11":"instock","12":"taxable","13":"shipping-taxable","14":"purchasable","15":"product-type-simple"},"acf":[],"_links":{"self":[{"href":"https:\/\/staging.nbg.eu\/es\/wp-json\/wp\/v2\/product\/534769","targetHints":{"allow":["GET"]}}],"collection":[{"href":"https:\/\/staging.nbg.eu\/es\/wp-json\/wp\/v2\/product"}],"about":[{"href":"https:\/\/staging.nbg.eu\/es\/wp-json\/wp\/v2\/types\/product"}],"wp:featuredmedia":[{"embeddable":true,"href":"https:\/\/staging.nbg.eu\/es\/wp-json\/wp\/v2\/media\/495393"}],"wp:attachment":[{"href":"https:\/\/staging.nbg.eu\/es\/wp-json\/wp\/v2\/media?parent=534769"}],"wp:term":[{"taxonomy":"product_brand","embeddable":true,"href":"https:\/\/staging.nbg.eu\/es\/wp-json\/wp\/v2\/product_brand?post=534769"},{"taxonomy":"product_cat","embeddable":true,"href":"https:\/\/staging.nbg.eu\/es\/wp-json\/wp\/v2\/product_cat?post=534769"},{"taxonomy":"product_tag","embeddable":true,"href":"https:\/\/staging.nbg.eu\/es\/wp-json\/wp\/v2\/product_tag?post=534769"}],"curies":[{"name":"wp","href":"https:\/\/api.w.org\/{rel}","templated":true}]}}