{"id":533891,"date":"2025-09-04T18:48:24","date_gmt":"2025-09-04T15:48:24","guid":{"rendered":"https:\/\/staging.nbg.eu\/product\/utg-h2-hard-coat-heavy-recoil-buffer-ar-15-m4-m16-rb-t6bfh2\/"},"modified":"2025-09-29T11:13:05","modified_gmt":"2025-09-29T08:13:05","slug":"utg-buffer-de-retroceso-pesado-h2-con-recubrimiento-duro-ar-15-m4-m16-rb-t6bfh2","status":"publish","type":"product","link":"https:\/\/staging.nbg.eu\/es\/producto\/utg-buffer-de-retroceso-pesado-h2-con-recubrimiento-duro-ar-15-m4-m16-rb-t6bfh2\/","title":{"rendered":"UTG &#8211; Buffer de Retroceso Pesado H2 con Recubrimiento Duro &#8211; AR-15 \/ M4 \/ M16 &#8211; RB-T6BFH2"},"content":{"rendered":"<div class=\"product-description\">\n<h2>UTG &#8211; Amortiguador de retroceso H2 con revestimiento duro &#8211; AR-15 \/ M4 \/ M16<\/h2>\n<p>Mejore su plataforma AR-15 con el amortiguador de retroceso H2 de UTG. Este amortiguador incluye:<\/p>\n<ul>\n<li>2 pesos de tungsteno y 1 peso de acero para un ciclo m\u00e1s suave y mayor fiabilidad<\/li>\n<li>Cuerpo del amortiguador reforzado con anodizado duro para durabilidad<\/li>\n<li>Tope del amortiguador de ajuste preciso para un rendimiento \u00f3ptimo<\/li>\n<li>Peso total: 4.6 oz<\/li>\n<\/ul>\n<p>Compatible con modelos AR-15, M4 y M16, este amortiguador negro mate est\u00e1 dise\u00f1ado para reducir el retroceso. La combinaci\u00f3n de materiales de tungsteno, acero y aluminio asegura longevidad y rendimiento consistente.<\/p>\n<\/div>\n","protected":false},"excerpt":{"rendered":"<p>UTG H2 Amortiguador de Retroceso Pesado: Ciclo m\u00e1s suave para carabinas AR-15.<\/p>\n","protected":false},"featured_media":494377,"template":"","meta":{"_acf_changed":false},"product_brand":[],"product_cat":[12228],"product_tag":[],"class_list":{"0":"post-533891","1":"product","2":"type-product","3":"status-publish","4":"has-post-thumbnail","6":"product_cat-ajuste-de-rifle","8":"first","9":"instock","10":"taxable","11":"shipping-taxable","12":"purchasable","13":"product-type-simple"},"acf":[],"_links":{"self":[{"href":"https:\/\/staging.nbg.eu\/es\/wp-json\/wp\/v2\/product\/533891","targetHints":{"allow":["GET"]}}],"collection":[{"href":"https:\/\/staging.nbg.eu\/es\/wp-json\/wp\/v2\/product"}],"about":[{"href":"https:\/\/staging.nbg.eu\/es\/wp-json\/wp\/v2\/types\/product"}],"wp:featuredmedia":[{"embeddable":true,"href":"https:\/\/staging.nbg.eu\/es\/wp-json\/wp\/v2\/media\/494377"}],"wp:attachment":[{"href":"https:\/\/staging.nbg.eu\/es\/wp-json\/wp\/v2\/media?parent=533891"}],"wp:term":[{"taxonomy":"product_brand","embeddable":true,"href":"https:\/\/staging.nbg.eu\/es\/wp-json\/wp\/v2\/product_brand?post=533891"},{"taxonomy":"product_cat","embeddable":true,"href":"https:\/\/staging.nbg.eu\/es\/wp-json\/wp\/v2\/product_cat?post=533891"},{"taxonomy":"product_tag","embeddable":true,"href":"https:\/\/staging.nbg.eu\/es\/wp-json\/wp\/v2\/product_tag?post=533891"}],"curies":[{"name":"wp","href":"https:\/\/api.w.org\/{rel}","templated":true}]}}