{"id":533780,"date":"2025-09-04T18:48:23","date_gmt":"2025-09-04T15:48:23","guid":{"rendered":"https:\/\/staging.nbg.eu\/product\/utg-h3-carbine-buffer-ar15-m4-rb-t6bfh3\/"},"modified":"2025-09-29T11:04:16","modified_gmt":"2025-09-29T08:04:16","slug":"utg-buffer-carabina-h3-ar15-m4-rb-t6bfh3","status":"publish","type":"product","link":"https:\/\/staging.nbg.eu\/es\/producto\/utg-buffer-carabina-h3-ar15-m4-rb-t6bfh3\/","title":{"rendered":"UTG &#8211; Buffer Carabina H3 &#8211; AR15 \/ M4 &#8211; RB-T6BFH3"},"content":{"rendered":"<div class=\"product-description\">\n<h2>UTG &#8211; Buffer de Carbina H3 &#8211; AR15 \/ M4 &#8211; RB-T6BFH3<\/h2>\n<p>El Buffer de Retroceso UTG H3 para AR15 incluye:<\/p>\n<ul>\n<li>3 pesos de tungsteno pesado<\/li>\n<li>Cuerpo de aluminio 6061-T6 con acabado anodizado<\/li>\n<li>Tope final ajustado<\/li>\n<li>Aumenta el tiempo de permanencia y facilita la extracci\u00f3n<\/li>\n<li>Reduce el retroceso percibido<\/li>\n<li>Puede mejorar la precisi\u00f3n con calibres ligeramente m\u00e1s pesados<\/li>\n<\/ul>\n<p>Con un peso de 5.4 oz, este buffer est\u00e1 dise\u00f1ado para hacer que la plataforma AR sea m\u00e1s c\u00f3moda y potencialmente m\u00e1s precisa.<\/p>\n","protected":false},"excerpt":{"rendered":"<p>Amortiguador de carabina UTG H3: Reduce el retroceso, mejora la comodidad para AR15\/M4.<\/p>\n","protected":false},"featured_media":494329,"template":"","meta":{"_acf_changed":false},"product_brand":[],"product_cat":[12228],"product_tag":[],"class_list":{"0":"post-533780","1":"product","2":"type-product","3":"status-publish","4":"has-post-thumbnail","6":"product_cat-ajuste-de-rifle","8":"first","9":"instock","10":"taxable","11":"shipping-taxable","12":"purchasable","13":"product-type-simple"},"acf":[],"_links":{"self":[{"href":"https:\/\/staging.nbg.eu\/es\/wp-json\/wp\/v2\/product\/533780","targetHints":{"allow":["GET"]}}],"collection":[{"href":"https:\/\/staging.nbg.eu\/es\/wp-json\/wp\/v2\/product"}],"about":[{"href":"https:\/\/staging.nbg.eu\/es\/wp-json\/wp\/v2\/types\/product"}],"wp:featuredmedia":[{"embeddable":true,"href":"https:\/\/staging.nbg.eu\/es\/wp-json\/wp\/v2\/media\/494329"}],"wp:attachment":[{"href":"https:\/\/staging.nbg.eu\/es\/wp-json\/wp\/v2\/media?parent=533780"}],"wp:term":[{"taxonomy":"product_brand","embeddable":true,"href":"https:\/\/staging.nbg.eu\/es\/wp-json\/wp\/v2\/product_brand?post=533780"},{"taxonomy":"product_cat","embeddable":true,"href":"https:\/\/staging.nbg.eu\/es\/wp-json\/wp\/v2\/product_cat?post=533780"},{"taxonomy":"product_tag","embeddable":true,"href":"https:\/\/staging.nbg.eu\/es\/wp-json\/wp\/v2\/product_tag?post=533780"}],"curies":[{"name":"wp","href":"https:\/\/api.w.org\/{rel}","templated":true}]}}