{"id":532662,"date":"2025-09-04T17:51:31","date_gmt":"2025-09-04T14:51:31","guid":{"rendered":"https:\/\/staging.nbg.eu\/product\/strike-industries-mass-driver-comp-for-glock-17-gen5-black-si-g5-mdcomp-s\/"},"modified":"2025-09-29T09:41:50","modified_gmt":"2025-09-29T06:41:50","slug":"strike-industries-compensador-mass-driver-para-glock-17-gen5-negro-si-g5-mdcomp-s","status":"publish","type":"product","link":"https:\/\/staging.nbg.eu\/es\/producto\/strike-industries-compensador-mass-driver-para-glock-17-gen5-negro-si-g5-mdcomp-s\/","title":{"rendered":"Strike Industries &#8211; Compensador Mass Driver para Glock 17 Gen5 &#8211; Negro &#8211; SI-G5-MDCOMP-S"},"content":{"rendered":"<h2>Compensador Mass Driver de Strike Industries para Glock 17 Gen5 &#8211; Negro<\/h2>\n<p>El compensador Mass Driver (MDC) de Strike Industries para Glock 17 Gen5 es un dise\u00f1o inspirado en motores te\u00f3ricos de propulsi\u00f3n de masa en viajes espaciales.<\/p>\n<ul>\n<li>Reduce el retroceso mec\u00e1nico sin comprometer la velocidad de ciclo<\/li>\n<li>Reduce la masa reciprocante para mejorar el rendimiento<\/li>\n<li>Orificio ensanchado para prevenir impactos en el deflector y tumbado de proyectiles<\/li>\n<li>Corte de alivio de 2.5mm para proteger la corredera de la pistola<\/li>\n<li>Compatible con la mayor\u00eda de ca\u00f1ones roscados del mercado de accesorios<\/li>\n<li>Se ajusta a correderas GLOCK\u2122 GEN3, GEN4 y GEN5 G19 y G17<\/li>\n<li>Funciona con la mayor\u00eda de fundas abiertas que acomodan compensadores<\/li>\n<\/ul>\n<p><strong>Nota:<\/strong> Torque recomendado para la tuerca de la varilla gu\u00eda: 25 libras\/pulgada. El uso con munici\u00f3n +P y +P+ puede causar desgaste prematuro.<\/p>\n","protected":false},"excerpt":{"rendered":"<p>Strike Industries MDC: Reducci\u00f3n revolucionaria del retroceso para Glock 17 Gen5.<\/p>\n","protected":false},"featured_media":493800,"template":"","meta":{"_acf_changed":false},"product_brand":[],"product_cat":[12280,12236],"product_tag":[],"class_list":{"0":"post-532662","1":"product","2":"type-product","3":"status-publish","4":"has-post-thumbnail","6":"product_cat-piezas-de-pistola","7":"product_cat-pistola","9":"first","10":"instock","11":"taxable","12":"shipping-taxable","13":"purchasable","14":"product-type-simple"},"acf":[],"_links":{"self":[{"href":"https:\/\/staging.nbg.eu\/es\/wp-json\/wp\/v2\/product\/532662","targetHints":{"allow":["GET"]}}],"collection":[{"href":"https:\/\/staging.nbg.eu\/es\/wp-json\/wp\/v2\/product"}],"about":[{"href":"https:\/\/staging.nbg.eu\/es\/wp-json\/wp\/v2\/types\/product"}],"wp:featuredmedia":[{"embeddable":true,"href":"https:\/\/staging.nbg.eu\/es\/wp-json\/wp\/v2\/media\/493800"}],"wp:attachment":[{"href":"https:\/\/staging.nbg.eu\/es\/wp-json\/wp\/v2\/media?parent=532662"}],"wp:term":[{"taxonomy":"product_brand","embeddable":true,"href":"https:\/\/staging.nbg.eu\/es\/wp-json\/wp\/v2\/product_brand?post=532662"},{"taxonomy":"product_cat","embeddable":true,"href":"https:\/\/staging.nbg.eu\/es\/wp-json\/wp\/v2\/product_cat?post=532662"},{"taxonomy":"product_tag","embeddable":true,"href":"https:\/\/staging.nbg.eu\/es\/wp-json\/wp\/v2\/product_tag?post=532662"}],"curies":[{"name":"wp","href":"https:\/\/api.w.org\/{rel}","templated":true}]}}