{"id":531323,"date":"2025-09-04T17:51:30","date_gmt":"2025-09-04T14:51:30","guid":{"rendered":"https:\/\/staging.nbg.eu\/product\/strike-industries-mass-driver-comp-for-glock-19-gen4\/"},"modified":"2025-09-26T17:55:56","modified_gmt":"2025-09-26T14:55:56","slug":"strike-industries-compensador-mass-driver-para-glock-19-gen4","status":"publish","type":"product","link":"https:\/\/staging.nbg.eu\/es\/producto\/strike-industries-compensador-mass-driver-para-glock-19-gen4\/","title":{"rendered":"Strike Industries &#8211; Compensador Mass Driver para Glock 19 Gen4"},"content":{"rendered":"<h2>Compensador Mass Driver de Strike Industries para Glock 19 Gen4<\/h2>\n<p>El compensador Mass Driver (MDC) de Strike Industries para Glock 19 Gen4 ofrece:<\/p>\n<ul>\n<li>Reducci\u00f3n del retroceso mec\u00e1nico mediante sistema de contrapeso<\/li>\n<li>Velocidades c\u00edclicas cercanas a las originales para un rendimiento fiable<\/li>\n<li>Orificio ampliado para evitar impactos en los deflectores y giro inestable<\/li>\n<li>Corte de alivio de 2.5mm para proteger la cara de la corredera<\/li>\n<li>Compatibilidad con la mayor\u00eda de los ca\u00f1ones roscados del mercado<\/li>\n<li>Se adapta a las correderas G19 y G17 de Gen3, Gen4 y Gen5<\/li>\n<li>Funciona con fundas de extremo abierto que admiten compensadores<\/li>\n<\/ul>\n<p>Nota: Se recomienda un torque de 25 lbs\/pulgada para la tuerca de la varilla gu\u00eda. El uso de munici\u00f3n +P y +P+ puede causar desgaste prematuro.<\/p>\n","protected":false},"excerpt":{"rendered":"<p>Compensador revolucionario para Glock 19 Gen4. Reduce el retroceso y la elevaci\u00f3n del ca\u00f1\u00f3n.<\/p>\n","protected":false},"featured_media":493684,"template":"","meta":{"_acf_changed":false},"product_brand":[],"product_cat":[12295],"product_tag":[],"class_list":{"0":"post-531323","1":"product","2":"type-product","3":"status-publish","4":"has-post-thumbnail","6":"product_cat-sin-categoria","8":"first","9":"instock","10":"taxable","11":"shipping-taxable","12":"purchasable","13":"product-type-simple"},"acf":[],"_links":{"self":[{"href":"https:\/\/staging.nbg.eu\/es\/wp-json\/wp\/v2\/product\/531323","targetHints":{"allow":["GET"]}}],"collection":[{"href":"https:\/\/staging.nbg.eu\/es\/wp-json\/wp\/v2\/product"}],"about":[{"href":"https:\/\/staging.nbg.eu\/es\/wp-json\/wp\/v2\/types\/product"}],"wp:featuredmedia":[{"embeddable":true,"href":"https:\/\/staging.nbg.eu\/es\/wp-json\/wp\/v2\/media\/493684"}],"wp:attachment":[{"href":"https:\/\/staging.nbg.eu\/es\/wp-json\/wp\/v2\/media?parent=531323"}],"wp:term":[{"taxonomy":"product_brand","embeddable":true,"href":"https:\/\/staging.nbg.eu\/es\/wp-json\/wp\/v2\/product_brand?post=531323"},{"taxonomy":"product_cat","embeddable":true,"href":"https:\/\/staging.nbg.eu\/es\/wp-json\/wp\/v2\/product_cat?post=531323"},{"taxonomy":"product_tag","embeddable":true,"href":"https:\/\/staging.nbg.eu\/es\/wp-json\/wp\/v2\/product_tag?post=531323"}],"curies":[{"name":"wp","href":"https:\/\/api.w.org\/{rel}","templated":true}]}}