{"id":53094,"date":"2024-03-08T06:59:20","date_gmt":"2024-09-13T12:46:50","guid":{"rendered":"https:\/\/staging.nbg.eu\/product\/bore-tech-shotgun-blend\/"},"modified":"2024-09-13T12:47:56","modified_gmt":"2024-09-13T12:47:56","slug":"bore-tech-blend-para-escopeta","status":"publish","type":"product","link":"https:\/\/staging.nbg.eu\/es\/producto\/bore-tech-blend-para-escopeta\/","title":{"rendered":"Bore Tech Blend para Escopeta"},"content":{"rendered":"<p>\nEl Shotgun Blend de Bore Tech es un limpiador de ca\u00f1ones sin amon\u00edaco dise\u00f1ado para tiradores del siglo XXI. Esta f\u00f3rmula biodegradable elimina los residuos de plomo, p\u00f3lvora y tacos de pl\u00e1stico de los ca\u00f1ones, conos de forzamiento y chokes. Es seguro, inodoro y f\u00e1cil de usar. Proporciona una limpieza efectiva con resultados visibles en los parches.<\/p>\n","protected":false},"excerpt":{"rendered":"<p>Potente limpiador de ca\u00f1\u00f3n elimina residuos de plomo, carb\u00f3n y pl\u00e1stico de forma segura.<\/p>\n","protected":false},"featured_media":53095,"template":"","meta":{"_acf_changed":false},"product_brand":[11163],"product_cat":[12274,12260],"product_tag":[],"class_list":{"0":"post-53094","1":"product","2":"type-product","3":"status-publish","4":"has-post-thumbnail","6":"product_brand-boretech","7":"product_cat-limpiadores","8":"product_cat-limpieza-de-armas","10":"first","11":"instock","12":"taxable","13":"shipping-taxable","14":"purchasable","15":"product-type-variable","16":"wvs-archive-product-wrapper"},"acf":[],"_links":{"self":[{"href":"https:\/\/staging.nbg.eu\/es\/wp-json\/wp\/v2\/product\/53094","targetHints":{"allow":["GET"]}}],"collection":[{"href":"https:\/\/staging.nbg.eu\/es\/wp-json\/wp\/v2\/product"}],"about":[{"href":"https:\/\/staging.nbg.eu\/es\/wp-json\/wp\/v2\/types\/product"}],"wp:featuredmedia":[{"embeddable":true,"href":"https:\/\/staging.nbg.eu\/es\/wp-json\/wp\/v2\/media\/53095"}],"wp:attachment":[{"href":"https:\/\/staging.nbg.eu\/es\/wp-json\/wp\/v2\/media?parent=53094"}],"wp:term":[{"taxonomy":"product_brand","embeddable":true,"href":"https:\/\/staging.nbg.eu\/es\/wp-json\/wp\/v2\/product_brand?post=53094"},{"taxonomy":"product_cat","embeddable":true,"href":"https:\/\/staging.nbg.eu\/es\/wp-json\/wp\/v2\/product_cat?post=53094"},{"taxonomy":"product_tag","embeddable":true,"href":"https:\/\/staging.nbg.eu\/es\/wp-json\/wp\/v2\/product_tag?post=53094"}],"curies":[{"name":"wp","href":"https:\/\/api.w.org\/{rel}","templated":true}]}}