{"id":530783,"date":"2025-09-04T17:31:53","date_gmt":"2025-09-04T14:31:53","guid":{"rendered":"https:\/\/staging.nbg.eu\/product\/pistoletna-drzhka-magpul-moe-k2-za-ak-fde-mag683-fde\/"},"modified":"2025-09-26T16:05:50","modified_gmt":"2025-09-26T13:05:50","slug":"empunadura-de-pistola-magpul-moe-k2-para-ak-fde-mag683-fde","status":"publish","type":"product","link":"https:\/\/staging.nbg.eu\/es\/producto\/empunadura-de-pistola-magpul-moe-k2-para-ak-fde-mag683-fde\/","title":{"rendered":"Empu\u00f1adura de Pistola Magpul MOE-K2 para AK FDE MAG683-FDE"},"content":{"rendered":"<div class=\"product-description\">\n<h2>Empu\u00f1adura Magpul MOE-K2 AK &#8211; FDE (MAG683-FDE)<\/h2>\n<p>Mejore su rifle AK47\/AK74 con la empu\u00f1adura Magpul MOE-K2 AK en color Tierra Oscuro Plano. Esta empu\u00f1adura ofrece:<\/p>\n<ul>\n<li>Ergonom\u00eda y control mejorados<\/li>\n<li>Construcci\u00f3n de pol\u00edmero duradero y texturizado<\/li>\n<li>Superficie de agarre antideslizante<\/li>\n<li>\u00c1ngulo de agarre m\u00e1s pronunciado para posturas de tiro modernas<\/li>\n<li>Reducci\u00f3n de la fatiga de la mu\u00f1eca durante uso prolongado<\/li>\n<\/ul>\n<p>Dise\u00f1ada por Magpul, fabricante de accesorios para armas de fuego, esta empu\u00f1adura FDE complementa varios acabados de AK. Mejore la funcionalidad y est\u00e9tica de su AK con la empu\u00f1adura MOE-K2 AK.<\/p>\n<p><strong>N\u00famero de parte del fabricante:<\/strong> MAG683-FDE<\/p>\n<p><strong>UPC:<\/strong> 840815117117<\/p>\n<\/div>\n","protected":false},"excerpt":{"rendered":"<p>Empu\u00f1adura Magpul MOE-K2 AK: Ergon\u00f3mica, antideslizante, con \u00e1ngulo m\u00e1s pronunciado para mayor comodidad.<\/p>\n","protected":false},"featured_media":0,"template":"","meta":{"_acf_changed":false},"product_brand":[],"product_cat":[],"product_tag":[],"class_list":{"0":"post-530783","1":"product","2":"type-product","3":"status-publish","6":"first","7":"instock","8":"taxable","9":"shipping-taxable","10":"purchasable","11":"product-type-simple"},"acf":[],"_links":{"self":[{"href":"https:\/\/staging.nbg.eu\/es\/wp-json\/wp\/v2\/product\/530783","targetHints":{"allow":["GET"]}}],"collection":[{"href":"https:\/\/staging.nbg.eu\/es\/wp-json\/wp\/v2\/product"}],"about":[{"href":"https:\/\/staging.nbg.eu\/es\/wp-json\/wp\/v2\/types\/product"}],"wp:attachment":[{"href":"https:\/\/staging.nbg.eu\/es\/wp-json\/wp\/v2\/media?parent=530783"}],"wp:term":[{"taxonomy":"product_brand","embeddable":true,"href":"https:\/\/staging.nbg.eu\/es\/wp-json\/wp\/v2\/product_brand?post=530783"},{"taxonomy":"product_cat","embeddable":true,"href":"https:\/\/staging.nbg.eu\/es\/wp-json\/wp\/v2\/product_cat?post=530783"},{"taxonomy":"product_tag","embeddable":true,"href":"https:\/\/staging.nbg.eu\/es\/wp-json\/wp\/v2\/product_tag?post=530783"}],"curies":[{"name":"wp","href":"https:\/\/api.w.org\/{rel}","templated":true}]}}