{"id":530129,"date":"2025-09-04T17:31:43","date_gmt":"2025-09-04T14:31:43","guid":{"rendered":"https:\/\/staging.nbg.eu\/product\/magpul-moe-m-lok-hand-guard-for-ar15-m4-mid-length-black\/"},"modified":"2025-09-26T15:16:02","modified_gmt":"2025-09-26T12:16:02","slug":"magpul-guardamanos-moe-m-lok-para-ar15m4-longitud-media-negro","status":"publish","type":"product","link":"https:\/\/staging.nbg.eu\/es\/producto\/magpul-guardamanos-moe-m-lok-para-ar15m4-longitud-media-negro\/","title":{"rendered":"Magpul &#8211; Guardamanos MOE M-LOK para AR15\/M4 &#8211; Longitud Media &#8211; Negro"},"content":{"rendered":"<div class=\"product-description\">\n<h2>Guardamanos Magpul MOE\u00ae M-LOK\u00ae para AR15\/M4 &#8211; Longitud Media &#8211; Negro<\/h2>\n<p>Guardamanos Magpul MOE M-LOK para AR-15\/M4, dise\u00f1ado para sistemas de gas de longitud media. Este accesorio combina construcci\u00f3n de pol\u00edmero con flexibilidad modular.<\/p>\n<ul>\n<li>Ranuras M-LOK en posiciones de 2, 6 y 10 horas para montar accesorios<\/li>\n<li>Construcci\u00f3n de pol\u00edmero resistente al calor<\/li>\n<li>Compatible con sistemas de gas de impacto directo y la mayor\u00eda de sistemas de pist\u00f3n<\/li>\n<li>Instalaci\u00f3n utilizando el anillo delta y la tapa de retenci\u00f3n existentes<\/li>\n<li>Escudo t\u00e9rmico de aluminio integrado<\/li>\n<li>Extensiones frontales y labio inferior para protecci\u00f3n del operador<\/li>\n<\/ul>\n<p>Pesa 246.6 gramos y mide 23.37 cent\u00edmetros de longitud. Fabricado en EE. UU., es una opci\u00f3n para operadores que buscan una soluci\u00f3n personalizable para su plataforma AR-15\/M4.<\/p>\n<\/div>\n","protected":false},"excerpt":{"rendered":"<p>Guardamano ligero y modular de longitud media para AR-15\/M4 con ranuras M-LOK.<\/p>\n","protected":false},"featured_media":493099,"template":"","meta":{"_acf_changed":false},"product_brand":[11558],"product_cat":[12228,12227,12279],"product_tag":[],"class_list":{"0":"post-530129","1":"product","2":"type-product","3":"status-publish","4":"has-post-thumbnail","6":"product_brand-magpul","7":"product_cat-ajuste-de-rifle","8":"product_cat-rieles","9":"product_cat-rifle","11":"first","12":"instock","13":"taxable","14":"shipping-taxable","15":"purchasable","16":"product-type-simple"},"acf":[],"_links":{"self":[{"href":"https:\/\/staging.nbg.eu\/es\/wp-json\/wp\/v2\/product\/530129","targetHints":{"allow":["GET"]}}],"collection":[{"href":"https:\/\/staging.nbg.eu\/es\/wp-json\/wp\/v2\/product"}],"about":[{"href":"https:\/\/staging.nbg.eu\/es\/wp-json\/wp\/v2\/types\/product"}],"wp:featuredmedia":[{"embeddable":true,"href":"https:\/\/staging.nbg.eu\/es\/wp-json\/wp\/v2\/media\/493099"}],"wp:attachment":[{"href":"https:\/\/staging.nbg.eu\/es\/wp-json\/wp\/v2\/media?parent=530129"}],"wp:term":[{"taxonomy":"product_brand","embeddable":true,"href":"https:\/\/staging.nbg.eu\/es\/wp-json\/wp\/v2\/product_brand?post=530129"},{"taxonomy":"product_cat","embeddable":true,"href":"https:\/\/staging.nbg.eu\/es\/wp-json\/wp\/v2\/product_cat?post=530129"},{"taxonomy":"product_tag","embeddable":true,"href":"https:\/\/staging.nbg.eu\/es\/wp-json\/wp\/v2\/product_tag?post=530129"}],"curies":[{"name":"wp","href":"https:\/\/api.w.org\/{rel}","templated":true}]}}