{"id":529982,"date":"2025-09-02T20:30:44","date_gmt":"2025-09-02T17:30:44","guid":{"rendered":"https:\/\/staging.nbg.eu\/product\/predna-drzhka-magpul-zhukov-za-ak-47-ak-74-lilava-mag586-plm\/"},"modified":"2025-09-26T15:05:32","modified_gmt":"2025-09-26T12:05:32","slug":"empunadura-delantera-magpul-zhukov-para-ak-47ak-74-morada-mag586-plm","status":"publish","type":"product","link":"https:\/\/staging.nbg.eu\/es\/producto\/empunadura-delantera-magpul-zhukov-para-ak-47ak-74-morada-mag586-plm\/","title":{"rendered":"Empu\u00f1adura Delantera Magpul ZHUKOV para AK-47\/AK-74 Morada MAG586 PLM"},"content":{"rendered":"<div class=\"product-description\">\n<h2>Guardamanos Magpul ZHUKOV para AK-47\/AK-74 &#8211; Ciruela (MAG586-PLM)<\/h2>\n<p>Guardamanos extendido para AK-47 o AK-74. Ofrece una superficie de agarre amplia para t\u00e9cnicas de tiro modernas y opciones adicionales de montaje de accesorios.<\/p>\n<ul>\n<li>Compatible con la mayor\u00eda de rifles AK-47\/AKM\/AK-74 (di\u00e1metro del ca\u00f1\u00f3n 16.75-18.25mm, longitud &gt;13&#8243;)<\/li>\n<li>Chasis de aluminio anodizado duro de longitud completa para montaje sin flexi\u00f3n y protecci\u00f3n t\u00e9rmica<\/li>\n<li>Cubierta exterior de pol\u00edmero con ranuras para accesorios M-LOK<\/li>\n<li>Incluye cubierta superior de pol\u00edmero de reemplazo<\/li>\n<li>Compatible con montaje de \u00f3ptica UltiMAK<\/li>\n<li>Longitud: 11.7 pulgadas<\/li>\n<\/ul>\n<p>Guardamanos para rifles AK-47 y AK-74.<\/p>\n<\/div>\n","protected":false},"excerpt":{"rendered":"<p>Guardamano extendido Magpul ZHUKOV para AK-47\/AK-74, color ciruela, compatible con M-LOK.<\/p>\n","protected":false},"featured_media":0,"template":"","meta":{"_acf_changed":false},"product_brand":[],"product_cat":[],"product_tag":[],"class_list":{"0":"post-529982","1":"product","2":"type-product","3":"status-publish","6":"first","7":"instock","8":"taxable","9":"shipping-taxable","10":"purchasable","11":"product-type-simple"},"acf":[],"_links":{"self":[{"href":"https:\/\/staging.nbg.eu\/es\/wp-json\/wp\/v2\/product\/529982","targetHints":{"allow":["GET"]}}],"collection":[{"href":"https:\/\/staging.nbg.eu\/es\/wp-json\/wp\/v2\/product"}],"about":[{"href":"https:\/\/staging.nbg.eu\/es\/wp-json\/wp\/v2\/types\/product"}],"wp:attachment":[{"href":"https:\/\/staging.nbg.eu\/es\/wp-json\/wp\/v2\/media?parent=529982"}],"wp:term":[{"taxonomy":"product_brand","embeddable":true,"href":"https:\/\/staging.nbg.eu\/es\/wp-json\/wp\/v2\/product_brand?post=529982"},{"taxonomy":"product_cat","embeddable":true,"href":"https:\/\/staging.nbg.eu\/es\/wp-json\/wp\/v2\/product_cat?post=529982"},{"taxonomy":"product_tag","embeddable":true,"href":"https:\/\/staging.nbg.eu\/es\/wp-json\/wp\/v2\/product_tag?post=529982"}],"curies":[{"name":"wp","href":"https:\/\/api.w.org\/{rel}","templated":true}]}}