{"id":52970,"date":"2024-03-08T09:51:57","date_gmt":"2024-03-08T09:51:57","guid":{"rendered":"https:\/\/staging.nbg.eu\/product\/bronze-spiral-shotgun-brush\/"},"modified":"2024-09-13T12:45:33","modified_gmt":"2024-09-13T12:45:33","slug":"cepillo-espiral-de-bronce-para-escopeta","status":"publish","type":"product","link":"https:\/\/staging.nbg.eu\/es\/producto\/cepillo-espiral-de-bronce-para-escopeta\/","title":{"rendered":"CEPILLO ESPIRAL DE BRONCE PARA ESCOPETA"},"content":{"rendered":"<p>El cepillo de escopeta en espiral de bronce de Bore Tech tiene cerdas en bucle para limpiar sin da\u00f1ar el arma. Fabricado con bronce fosforoso seguro para el ca\u00f1\u00f3n, elimina la suciedad pl\u00e1stica y dura m\u00e1s que los cepillos est\u00e1ndar. Disponible en calibres del 10 al .410, compatible con varillas roscadas est\u00e1ndar 5\/16-27.<\/p>\n","protected":false},"excerpt":{"rendered":"<p>Cepillo espiral innovador para una limpieza profunda y segura del ca\u00f1\u00f3n de la escopeta.<\/p>\n","protected":false},"featured_media":52971,"template":"","meta":{"_acf_changed":false},"product_brand":[11163],"product_cat":[12287,12260],"product_tag":[],"class_list":{"0":"post-52970","1":"product","2":"type-product","3":"status-publish","4":"has-post-thumbnail","6":"product_brand-boretech","7":"product_cat-cepillos","8":"product_cat-limpieza-de-armas","10":"first","11":"outofstock","12":"taxable","13":"shipping-taxable","14":"purchasable","15":"product-type-simple"},"acf":[],"_links":{"self":[{"href":"https:\/\/staging.nbg.eu\/es\/wp-json\/wp\/v2\/product\/52970","targetHints":{"allow":["GET"]}}],"collection":[{"href":"https:\/\/staging.nbg.eu\/es\/wp-json\/wp\/v2\/product"}],"about":[{"href":"https:\/\/staging.nbg.eu\/es\/wp-json\/wp\/v2\/types\/product"}],"wp:featuredmedia":[{"embeddable":true,"href":"https:\/\/staging.nbg.eu\/es\/wp-json\/wp\/v2\/media\/52971"}],"wp:attachment":[{"href":"https:\/\/staging.nbg.eu\/es\/wp-json\/wp\/v2\/media?parent=52970"}],"wp:term":[{"taxonomy":"product_brand","embeddable":true,"href":"https:\/\/staging.nbg.eu\/es\/wp-json\/wp\/v2\/product_brand?post=52970"},{"taxonomy":"product_cat","embeddable":true,"href":"https:\/\/staging.nbg.eu\/es\/wp-json\/wp\/v2\/product_cat?post=52970"},{"taxonomy":"product_tag","embeddable":true,"href":"https:\/\/staging.nbg.eu\/es\/wp-json\/wp\/v2\/product_tag?post=52970"}],"curies":[{"name":"wp","href":"https:\/\/api.w.org\/{rel}","templated":true}]}}