{"id":529323,"date":"2025-09-02T20:21:32","date_gmt":"2025-09-02T17:21:32","guid":{"rendered":"https:\/\/staging.nbg.eu\/product\/magpul-gl-enhanced-magazine-well-for-glock-19-gen-4-mag950\/"},"modified":"2025-09-26T12:32:28","modified_gmt":"2025-09-26T09:32:28","slug":"magpul-embudo-de-cargador-mejorado-gl-para-glock-19-gen-4-mag950","status":"publish","type":"product","link":"https:\/\/staging.nbg.eu\/es\/producto\/magpul-embudo-de-cargador-mejorado-gl-para-glock-19-gen-4-mag950\/","title":{"rendered":"Magpul &#8211; Embudo de Cargador Mejorado GL para GLOCK 19 GEN 4 &#8211; MAG950"},"content":{"rendered":"<h2>Magpul GL Bocacha de cargador mejorada para GLOCK\u00ae 19 Gen4 &#8211; MAG950<\/h2>\n<p>Mejore el rendimiento de su GLOCK 19 Gen4 con la bocacha de cargador de Magpul. Dise\u00f1ada para situaciones de estr\u00e9s, facilita la inserci\u00f3n y extracci\u00f3n del cargador. Caracter\u00edsticas principales:<\/p>\n<ul>\n<li>Dise\u00f1o ergon\u00f3mico para buena ocultaci\u00f3n<\/li>\n<li>Optimizada para cargadores GLOCK est\u00e1ndar y Magpul GL9\u00ae PMAGs\u00ae<\/li>\n<li>Geometr\u00eda suave para manejo f\u00e1cil del cargador<\/li>\n<li>Fabricado en EE. UU.<\/li>\n<\/ul>\n<p><strong>Nota:<\/strong> No compatible con culatas modulares GLOCK o algunos cargadores de capacidad reducida. Se recomienda instalaci\u00f3n profesional para ajustes apretados.<\/p>\n","protected":false},"excerpt":{"rendered":"<p>Mejora la inserci\u00f3n del cargador del GLOCK 19 Gen4 con el elegante embudo de cargador de Magpul.<\/p>\n","protected":false},"featured_media":491132,"template":"","meta":{"_acf_changed":false},"product_brand":[11414,11558],"product_cat":[12280,12236],"product_tag":[],"class_list":{"0":"post-529323","1":"product","2":"type-product","3":"status-publish","4":"has-post-thumbnail","6":"product_brand-glock","7":"product_brand-magpul","8":"product_cat-piezas-de-pistola","9":"product_cat-pistola","11":"first","12":"instock","13":"taxable","14":"shipping-taxable","15":"purchasable","16":"product-type-simple"},"acf":[],"_links":{"self":[{"href":"https:\/\/staging.nbg.eu\/es\/wp-json\/wp\/v2\/product\/529323","targetHints":{"allow":["GET"]}}],"collection":[{"href":"https:\/\/staging.nbg.eu\/es\/wp-json\/wp\/v2\/product"}],"about":[{"href":"https:\/\/staging.nbg.eu\/es\/wp-json\/wp\/v2\/types\/product"}],"wp:featuredmedia":[{"embeddable":true,"href":"https:\/\/staging.nbg.eu\/es\/wp-json\/wp\/v2\/media\/491132"}],"wp:attachment":[{"href":"https:\/\/staging.nbg.eu\/es\/wp-json\/wp\/v2\/media?parent=529323"}],"wp:term":[{"taxonomy":"product_brand","embeddable":true,"href":"https:\/\/staging.nbg.eu\/es\/wp-json\/wp\/v2\/product_brand?post=529323"},{"taxonomy":"product_cat","embeddable":true,"href":"https:\/\/staging.nbg.eu\/es\/wp-json\/wp\/v2\/product_cat?post=529323"},{"taxonomy":"product_tag","embeddable":true,"href":"https:\/\/staging.nbg.eu\/es\/wp-json\/wp\/v2\/product_tag?post=529323"}],"curies":[{"name":"wp","href":"https:\/\/api.w.org\/{rel}","templated":true}]}}