{"id":527856,"date":"2025-09-02T20:21:10","date_gmt":"2025-09-02T17:21:10","guid":{"rendered":"https:\/\/staging.nbg.eu\/product\/strike-industries-g5-magwell-for-glock-17-22-31-34-35-45-gen5-si-g5-magwell-17\/"},"modified":"2025-09-25T22:35:04","modified_gmt":"2025-09-25T19:35:04","slug":"strike-industries-embudo-de-cargador-g5-para-glock-172231343545-gen5-si-g5-magwell-17","status":"publish","type":"product","link":"https:\/\/staging.nbg.eu\/es\/producto\/strike-industries-embudo-de-cargador-g5-para-glock-172231343545-gen5-si-g5-magwell-17\/","title":{"rendered":"Strike Industries &#8211; Embudo de Cargador G5 para Glock 17\/22\/31\/34\/35\/45 Gen5 &#8211; SI-G5-MAGWELL-17"},"content":{"rendered":"<div class=\"product-description\">\n<h2>Strike Industries G5 MagWell para Glock 17\/22\/31\/34\/35\/45 Gen5<\/h2>\n<p>Mejore su Glock Gen5 con el Strike Industries G5 MagWell. Dise\u00f1ado para facilitar la recarga del cargador, este accesorio mantiene el agarre delgado de la pistola.<\/p>\n<ul>\n<li>Compatible con modelos Glock G17\/G22\/G31\/G34\/G35\/G45 Gen5<\/li>\n<li>Dise\u00f1o ensanchado para una inserci\u00f3n m\u00e1s suave del cargador<\/li>\n<li>Construcci\u00f3n ligera (11.3g) y duradera de pol\u00edmero de alta resistencia<\/li>\n<li>Instalaci\u00f3n f\u00e1cil con tornillo de fijaci\u00f3n M4 y llave hexagonal de 2.5mm incluidos<\/li>\n<li>Dimensiones: 61.72mm (L) x 37.34mm (A) x 23.11mm (A)<\/li>\n<\/ul>\n<p>Mejore la velocidad y consistencia de recarga manteniendo un porte c\u00f3modo. Funciona con la mayor\u00eda de las placas base y extensiones de cargadores del mercado de accesorios. Complemento para el Strike EMP.<\/p>\n<p><strong>Nota:<\/strong> No apriete excesivamente el tornillo de fijaci\u00f3n durante la instalaci\u00f3n para evitar desalineaci\u00f3n o da\u00f1os.<\/p>\n<\/div>\n","protected":false},"excerpt":{"rendered":"<p>Mejore las recargas de Glock Gen5 con el elegante embudo de cargador de Strike Industries.<\/p>\n","protected":false},"featured_media":490786,"template":"","meta":{"_acf_changed":false},"product_brand":[11414,11558],"product_cat":[12280,12236],"product_tag":[],"class_list":{"0":"post-527856","1":"product","2":"type-product","3":"status-publish","4":"has-post-thumbnail","6":"product_brand-glock","7":"product_brand-magpul","8":"product_cat-piezas-de-pistola","9":"product_cat-pistola","11":"first","12":"instock","13":"taxable","14":"shipping-taxable","15":"purchasable","16":"product-type-simple"},"acf":[],"_links":{"self":[{"href":"https:\/\/staging.nbg.eu\/es\/wp-json\/wp\/v2\/product\/527856","targetHints":{"allow":["GET"]}}],"collection":[{"href":"https:\/\/staging.nbg.eu\/es\/wp-json\/wp\/v2\/product"}],"about":[{"href":"https:\/\/staging.nbg.eu\/es\/wp-json\/wp\/v2\/types\/product"}],"wp:featuredmedia":[{"embeddable":true,"href":"https:\/\/staging.nbg.eu\/es\/wp-json\/wp\/v2\/media\/490786"}],"wp:attachment":[{"href":"https:\/\/staging.nbg.eu\/es\/wp-json\/wp\/v2\/media?parent=527856"}],"wp:term":[{"taxonomy":"product_brand","embeddable":true,"href":"https:\/\/staging.nbg.eu\/es\/wp-json\/wp\/v2\/product_brand?post=527856"},{"taxonomy":"product_cat","embeddable":true,"href":"https:\/\/staging.nbg.eu\/es\/wp-json\/wp\/v2\/product_cat?post=527856"},{"taxonomy":"product_tag","embeddable":true,"href":"https:\/\/staging.nbg.eu\/es\/wp-json\/wp\/v2\/product_tag?post=527856"}],"curies":[{"name":"wp","href":"https:\/\/api.w.org\/{rel}","templated":true}]}}