{"id":527747,"date":"2025-09-02T20:21:13","date_gmt":"2025-09-02T17:21:13","guid":{"rendered":"https:\/\/staging.nbg.eu\/product\/strike-industries-g4-magwell-for-glock-17-22-31-34-35-gen4-si-g4-magwell\/"},"modified":"2025-09-25T22:29:58","modified_gmt":"2025-09-25T19:29:58","slug":"strike-industries-embudo-de-cargador-g4-para-glock-1722313435-gen4-si-g4-magwell","status":"publish","type":"product","link":"https:\/\/staging.nbg.eu\/es\/producto\/strike-industries-embudo-de-cargador-g4-para-glock-1722313435-gen4-si-g4-magwell\/","title":{"rendered":"Strike Industries &#8211; Embudo de Cargador G4 para Glock 17\/22\/31\/34\/35 Gen4 &#8211; SI-G4-MAGWELL"},"content":{"rendered":"<div class=\"product-description\">\n<h2>Strike Industries G4 MagWell para Glock 17\/22\/31\/34\/35 Gen4<\/h2>\n<p>Mejore el rendimiento de su Glock con el MagWell GEN4 de Strike Industries. Dise\u00f1ado para facilitar la recarga del cargador manteniendo el agarre delgado de la pistola, este magwell aumenta la consistencia y reduce los tiempos de recarga. Compatible con la mayor\u00eda de las placas base y extensiones de cargadores de otros fabricantes.<\/p>\n<ul>\n<li>Magwell ensanchado para una inserci\u00f3n m\u00e1s suave del cargador<\/li>\n<li>Instalaci\u00f3n f\u00e1cil con mecanismo de bloqueo \u00fanico<\/li>\n<li>Construcci\u00f3n de pol\u00edmero ligero y de alta resistencia<\/li>\n<li>Compatible con modelos Glock 17\/22\/31\/34\/35 GEN4<\/li>\n<li>Dise\u00f1ado para la empu\u00f1adura +0 de f\u00e1brica de Glock<\/li>\n<\/ul>\n<p><strong>Nota:<\/strong> No apriete demasiado el tornillo de fijaci\u00f3n durante la instalaci\u00f3n para evitar desalineaci\u00f3n o da\u00f1os.<\/p>\n<p>El paquete incluye: G4 Magwell, tornillo de fijaci\u00f3n, llave hexagonal M2 y tarjeta de advertencia.<\/p>\n<\/div>\n","protected":false},"excerpt":{"rendered":"<p>Mejore las recargas de Glock 17\/22\/31\/34\/35 Gen4 con el MagWell G4 de SI.<\/p>\n","protected":false},"featured_media":491017,"template":"","meta":{"_acf_changed":false},"product_brand":[11414,11558],"product_cat":[12280,12236],"product_tag":[],"class_list":{"0":"post-527747","1":"product","2":"type-product","3":"status-publish","4":"has-post-thumbnail","6":"product_brand-glock","7":"product_brand-magpul","8":"product_cat-piezas-de-pistola","9":"product_cat-pistola","11":"first","12":"instock","13":"taxable","14":"shipping-taxable","15":"purchasable","16":"product-type-simple"},"acf":[],"_links":{"self":[{"href":"https:\/\/staging.nbg.eu\/es\/wp-json\/wp\/v2\/product\/527747","targetHints":{"allow":["GET"]}}],"collection":[{"href":"https:\/\/staging.nbg.eu\/es\/wp-json\/wp\/v2\/product"}],"about":[{"href":"https:\/\/staging.nbg.eu\/es\/wp-json\/wp\/v2\/types\/product"}],"wp:featuredmedia":[{"embeddable":true,"href":"https:\/\/staging.nbg.eu\/es\/wp-json\/wp\/v2\/media\/491017"}],"wp:attachment":[{"href":"https:\/\/staging.nbg.eu\/es\/wp-json\/wp\/v2\/media?parent=527747"}],"wp:term":[{"taxonomy":"product_brand","embeddable":true,"href":"https:\/\/staging.nbg.eu\/es\/wp-json\/wp\/v2\/product_brand?post=527747"},{"taxonomy":"product_cat","embeddable":true,"href":"https:\/\/staging.nbg.eu\/es\/wp-json\/wp\/v2\/product_cat?post=527747"},{"taxonomy":"product_tag","embeddable":true,"href":"https:\/\/staging.nbg.eu\/es\/wp-json\/wp\/v2\/product_tag?post=527747"}],"curies":[{"name":"wp","href":"https:\/\/api.w.org\/{rel}","templated":true}]}}