{"id":52208,"date":"2024-03-12T19:00:56","date_gmt":"2024-09-13T11:30:15","guid":{"rendered":"https:\/\/staging.nbg.eu\/product\/bore-tech-rimfire-blend\/"},"modified":"2024-09-13T11:31:19","modified_gmt":"2024-09-13T11:31:19","slug":"bore-tech-blend-para-rimfire","status":"publish","type":"product","link":"https:\/\/staging.nbg.eu\/es\/producto\/bore-tech-blend-para-rimfire\/","title":{"rendered":"Bore Tech Blend para Rimfire"},"content":{"rendered":"<div class=\"product-description\">\n<h2>Limpiador de ca\u00f1\u00f3n Bore Tech Rimfire Blend<\/h2>\n<p>Formulado para tiradores de peque\u00f1o calibre, este limpiador elimina residuos de plomo, p\u00f3lvora y cera de bala. Utilizado por competidores y fabricantes de rifles.<\/p>\n<ul>\n<li>Sin amon\u00edaco y sin olor<\/li>\n<li>100% biodegradable<\/li>\n<li>Elimina capas de plomo, cera y acumulaci\u00f3n de carbono<\/li>\n<li>Requiere m\u00ednimo cepillado<\/li>\n<li>Seguro para todos los tipos de ca\u00f1ones<\/li>\n<\/ul>\n<p>Pruebe la tecnolog\u00eda de la l\u00ednea de limpieza especializada de Bore Tech.<\/p>\n<\/div>\n","protected":false},"excerpt":{"rendered":"<p>Limpiador eficaz para armas de fuego de percusi\u00f3n anular que elimina plomo, cera y carb\u00f3n. Sin amon\u00edaco.<\/p>\n","protected":false},"featured_media":52209,"template":"","meta":{"_acf_changed":false},"product_brand":[11163],"product_cat":[12274,12260],"product_tag":[],"class_list":{"0":"post-52208","1":"product","2":"type-product","3":"status-publish","4":"has-post-thumbnail","6":"product_brand-boretech","7":"product_cat-limpiadores","8":"product_cat-limpieza-de-armas","10":"first","11":"instock","12":"taxable","13":"shipping-taxable","14":"purchasable","15":"product-type-variable","16":"wvs-archive-product-wrapper"},"acf":[],"_links":{"self":[{"href":"https:\/\/staging.nbg.eu\/es\/wp-json\/wp\/v2\/product\/52208","targetHints":{"allow":["GET"]}}],"collection":[{"href":"https:\/\/staging.nbg.eu\/es\/wp-json\/wp\/v2\/product"}],"about":[{"href":"https:\/\/staging.nbg.eu\/es\/wp-json\/wp\/v2\/types\/product"}],"wp:featuredmedia":[{"embeddable":true,"href":"https:\/\/staging.nbg.eu\/es\/wp-json\/wp\/v2\/media\/52209"}],"wp:attachment":[{"href":"https:\/\/staging.nbg.eu\/es\/wp-json\/wp\/v2\/media?parent=52208"}],"wp:term":[{"taxonomy":"product_brand","embeddable":true,"href":"https:\/\/staging.nbg.eu\/es\/wp-json\/wp\/v2\/product_brand?post=52208"},{"taxonomy":"product_cat","embeddable":true,"href":"https:\/\/staging.nbg.eu\/es\/wp-json\/wp\/v2\/product_cat?post=52208"},{"taxonomy":"product_tag","embeddable":true,"href":"https:\/\/staging.nbg.eu\/es\/wp-json\/wp\/v2\/product_tag?post=52208"}],"curies":[{"name":"wp","href":"https:\/\/api.w.org\/{rel}","templated":true}]}}