{"id":52022,"date":"2024-03-12T19:14:59","date_gmt":"2024-09-13T11:27:42","guid":{"rendered":"https:\/\/staging.nbg.eu\/product\/bore-tech-cu2-copper-remover\/"},"modified":"2024-09-13T11:28:46","modified_gmt":"2024-09-13T11:28:46","slug":"bore-tech-cu2-removedor-de-cobre","status":"publish","type":"product","link":"https:\/\/staging.nbg.eu\/es\/producto\/bore-tech-cu2-removedor-de-cobre\/","title":{"rendered":"Bore Tech CU+2 Removedor de Cobre"},"content":{"rendered":"<div class=\"product-description\">\n<h2>Bore Tech CU+2 Removedor de Cobre<\/h2>\n<p>El removedor de cobre Cu+2 patentado elimina la suciedad de cobre. Esta soluci\u00f3n supera a los disolventes tradicionales basados en petr\u00f3leo y amon\u00edaco, ofreciendo:<\/p>\n<ul>\n<li>100% seguro para el ca\u00f1\u00f3n y sin amon\u00edaco<\/li>\n<li>Sin olor y biodegradable<\/li>\n<li>Extracci\u00f3n r\u00e1pida y completa del cobre<\/li>\n<li>Proceso de dos pasos para limpieza<\/li>\n<li>Prevenci\u00f3n de \u00f3xido a corto plazo<\/li>\n<\/ul>\n<p>Mantenga su arma de fuego con este removedor de cobre no peligroso y f\u00e1cil de usar.<\/p>\n<\/div>\n","protected":false},"excerpt":{"rendered":"<p>Removedor de cobre patentado, libre de amon\u00edaco. De acci\u00f3n r\u00e1pida, seguro para el ca\u00f1\u00f3n y sin olor.<\/p>\n","protected":false},"featured_media":52023,"template":"","meta":{"_acf_changed":false},"product_brand":[11163],"product_cat":[12274,12260],"product_tag":[],"class_list":{"0":"post-52022","1":"product","2":"type-product","3":"status-publish","4":"has-post-thumbnail","6":"product_brand-boretech","7":"product_cat-limpiadores","8":"product_cat-limpieza-de-armas","10":"first","11":"instock","12":"taxable","13":"shipping-taxable","14":"purchasable","15":"product-type-variable","16":"wvs-archive-product-wrapper"},"acf":[],"_links":{"self":[{"href":"https:\/\/staging.nbg.eu\/es\/wp-json\/wp\/v2\/product\/52022","targetHints":{"allow":["GET"]}}],"collection":[{"href":"https:\/\/staging.nbg.eu\/es\/wp-json\/wp\/v2\/product"}],"about":[{"href":"https:\/\/staging.nbg.eu\/es\/wp-json\/wp\/v2\/types\/product"}],"wp:featuredmedia":[{"embeddable":true,"href":"https:\/\/staging.nbg.eu\/es\/wp-json\/wp\/v2\/media\/52023"}],"wp:attachment":[{"href":"https:\/\/staging.nbg.eu\/es\/wp-json\/wp\/v2\/media?parent=52022"}],"wp:term":[{"taxonomy":"product_brand","embeddable":true,"href":"https:\/\/staging.nbg.eu\/es\/wp-json\/wp\/v2\/product_brand?post=52022"},{"taxonomy":"product_cat","embeddable":true,"href":"https:\/\/staging.nbg.eu\/es\/wp-json\/wp\/v2\/product_cat?post=52022"},{"taxonomy":"product_tag","embeddable":true,"href":"https:\/\/staging.nbg.eu\/es\/wp-json\/wp\/v2\/product_tag?post=52022"}],"curies":[{"name":"wp","href":"https:\/\/api.w.org\/{rel}","templated":true}]}}