{"id":51840,"date":"2024-03-13T05:48:23","date_gmt":"2024-03-13T05:48:23","guid":{"rendered":"https:\/\/staging.nbg.eu\/product\/bore-tech-c4-carbon-remover-4-oz\/"},"modified":"2024-09-13T10:08:11","modified_gmt":"2024-09-13T10:08:11","slug":"bore-tech-c4-removedor-de-carbono-4-oz","status":"publish","type":"product","link":"https:\/\/staging.nbg.eu\/es\/producto\/bore-tech-c4-removedor-de-carbono-4-oz\/","title":{"rendered":"Bore Tech C4 Removedor de Carbono &#8211; 4 Oz"},"content":{"rendered":"<div class=\"product-description\">\n<h2>Bore Tech C4 Removedor de Carbono &#8211; 4 Onzas<\/h2>\n<p>Bore Tech C4 Removedor de Carbono elimina la acumulaci\u00f3n de carbono sin los peligros, toxicidad u olores de otros limpiadores. Es seguro para ca\u00f1ones, no peligroso y sin amon\u00edaco. Se puede usar en ca\u00f1ones, portacerrojo y otras partes.<\/p>\n<\/div>\n","protected":false},"excerpt":{"rendered":"<p>Potente y seguro eliminador de carb\u00f3n para armas de fuego. R\u00e1pido y eficaz.<\/p>\n","protected":false},"featured_media":51841,"template":"","meta":{"_acf_changed":false},"product_brand":[11163],"product_cat":[12274,12260],"product_tag":[],"class_list":{"0":"post-51840","1":"product","2":"type-product","3":"status-publish","4":"has-post-thumbnail","6":"product_brand-boretech","7":"product_cat-limpiadores","8":"product_cat-limpieza-de-armas","10":"first","11":"instock","12":"taxable","13":"shipping-taxable","14":"purchasable","15":"product-type-variable","16":"wvs-archive-product-wrapper"},"acf":[],"_links":{"self":[{"href":"https:\/\/staging.nbg.eu\/es\/wp-json\/wp\/v2\/product\/51840","targetHints":{"allow":["GET"]}}],"collection":[{"href":"https:\/\/staging.nbg.eu\/es\/wp-json\/wp\/v2\/product"}],"about":[{"href":"https:\/\/staging.nbg.eu\/es\/wp-json\/wp\/v2\/types\/product"}],"wp:featuredmedia":[{"embeddable":true,"href":"https:\/\/staging.nbg.eu\/es\/wp-json\/wp\/v2\/media\/51841"}],"wp:attachment":[{"href":"https:\/\/staging.nbg.eu\/es\/wp-json\/wp\/v2\/media?parent=51840"}],"wp:term":[{"taxonomy":"product_brand","embeddable":true,"href":"https:\/\/staging.nbg.eu\/es\/wp-json\/wp\/v2\/product_brand?post=51840"},{"taxonomy":"product_cat","embeddable":true,"href":"https:\/\/staging.nbg.eu\/es\/wp-json\/wp\/v2\/product_cat?post=51840"},{"taxonomy":"product_tag","embeddable":true,"href":"https:\/\/staging.nbg.eu\/es\/wp-json\/wp\/v2\/product_tag?post=51840"}],"curies":[{"name":"wp","href":"https:\/\/api.w.org\/{rel}","templated":true}]}}