{"id":51588,"date":"2024-03-15T05:39:44","date_gmt":"2024-09-13T09:59:37","guid":{"rendered":"https:\/\/staging.nbg.eu\/product\/bore-tech-bullet-knock-out-set\/"},"modified":"2024-09-13T10:00:35","modified_gmt":"2024-09-13T10:00:35","slug":"bore-tech-juego-knock-out-para-balas","status":"publish","type":"product","link":"https:\/\/staging.nbg.eu\/es\/producto\/bore-tech-juego-knock-out-para-balas\/","title":{"rendered":"Bore Tech Juego Knock-out para Balas"},"content":{"rendered":"<p>El <strong>Juego de Extractores de Balas Bore Tech<\/strong> es una herramienta para tiradores. Este kit incluye 4 puntas de lat\u00f3n mecanizadas, dise\u00f1adas para extraer balas o casquillos atascados sin da\u00f1ar la varilla de limpieza. Es compatible con rifles y pistolas de calibre .17 a .50.<\/p>\n","protected":false},"excerpt":{"rendered":"<p>Herramienta esencial para extraer balas alojadas. 4 puntas de lat\u00f3n, calibres .17-.50.<\/p>\n","protected":false},"featured_media":51589,"template":"","meta":{"_acf_changed":false},"product_brand":[11163],"product_cat":[12287,12260],"product_tag":[],"class_list":{"0":"post-51588","1":"product","2":"type-product","3":"status-publish","4":"has-post-thumbnail","6":"product_brand-boretech","7":"product_cat-cepillos","8":"product_cat-limpieza-de-armas","10":"first","11":"instock","12":"taxable","13":"shipping-taxable","14":"purchasable","15":"product-type-simple"},"acf":[],"_links":{"self":[{"href":"https:\/\/staging.nbg.eu\/es\/wp-json\/wp\/v2\/product\/51588","targetHints":{"allow":["GET"]}}],"collection":[{"href":"https:\/\/staging.nbg.eu\/es\/wp-json\/wp\/v2\/product"}],"about":[{"href":"https:\/\/staging.nbg.eu\/es\/wp-json\/wp\/v2\/types\/product"}],"wp:featuredmedia":[{"embeddable":true,"href":"https:\/\/staging.nbg.eu\/es\/wp-json\/wp\/v2\/media\/51589"}],"wp:attachment":[{"href":"https:\/\/staging.nbg.eu\/es\/wp-json\/wp\/v2\/media?parent=51588"}],"wp:term":[{"taxonomy":"product_brand","embeddable":true,"href":"https:\/\/staging.nbg.eu\/es\/wp-json\/wp\/v2\/product_brand?post=51588"},{"taxonomy":"product_cat","embeddable":true,"href":"https:\/\/staging.nbg.eu\/es\/wp-json\/wp\/v2\/product_cat?post=51588"},{"taxonomy":"product_tag","embeddable":true,"href":"https:\/\/staging.nbg.eu\/es\/wp-json\/wp\/v2\/product_tag?post=51588"}],"curies":[{"name":"wp","href":"https:\/\/api.w.org\/{rel}","templated":true}]}}