{"id":51432,"date":"2024-03-15T07:11:12","date_gmt":"2024-09-13T09:53:34","guid":{"rendered":"https:\/\/staging.nbg.eu\/product\/bore-tech-shield-xp-rust-preventive\/"},"modified":"2024-09-13T09:54:38","modified_gmt":"2024-09-13T09:54:38","slug":"bore-tech-shield-xp-preventivo-de-oxido","status":"publish","type":"product","link":"https:\/\/staging.nbg.eu\/es\/producto\/bore-tech-shield-xp-preventivo-de-oxido\/","title":{"rendered":"Bore Tech Shield XP Preventivo de \u00d3xido"},"content":{"rendered":"<h2>Bore Tech Shield XP Preventivo de \u00d3xido<\/h2>\n<p>Proteja sus armas de fuego con el preventivo de \u00f3xido Shield XP de Bore Tech, una f\u00f3rmula que ofrece protecci\u00f3n contra el \u00f3xido y la corrosi\u00f3n. Esta soluci\u00f3n no aceitosa ni grasosa penetra, desplaza la humedad y neutraliza los corrosivos, dejando una barrera invisible que no atrae residuos.<\/p>\n<ul>\n<li>Adecuado para almacenamiento a largo plazo<\/li>\n<li>Seguro para todos los metales<\/li>\n<li>Supera 500 horas en pruebas de humedad ASTM<\/li>\n<li>Aroma a coco<\/li>\n<li>Botella con spray<\/li>\n<\/ul>\n<h3>Instrucciones:<\/h3>\n<ol>\n<li>Descargue el arma y desengrase las superficies<\/li>\n<li>Roc\u00ede o aplique Shield XP en las superficies met\u00e1licas<\/li>\n<li>Espere 15 minutos, aplique una segunda capa si es necesario<\/li>\n<li>Antes de usar, pase un parche seco por el ca\u00f1\u00f3n<\/li>\n<\/ol>\n<p>Shield XP: Una barrera contra el \u00f3xido y la corrosi\u00f3n para sus armas de fuego.<\/p>\n","protected":false},"excerpt":{"rendered":"<p>Protecci\u00f3n duradera contra la oxidaci\u00f3n para armas de fuego.<\/p>\n","protected":false},"featured_media":51402,"template":"","meta":{"_acf_changed":false},"product_brand":[11163],"product_cat":[12260,12248],"product_tag":[],"class_list":{"0":"post-51432","1":"product","2":"type-product","3":"status-publish","4":"has-post-thumbnail","6":"product_brand-boretech","7":"product_cat-limpieza-de-armas","8":"product_cat-lubricantes","10":"first","11":"instock","12":"taxable","13":"shipping-taxable","14":"purchasable","15":"product-type-simple"},"acf":[],"_links":{"self":[{"href":"https:\/\/staging.nbg.eu\/es\/wp-json\/wp\/v2\/product\/51432","targetHints":{"allow":["GET"]}}],"collection":[{"href":"https:\/\/staging.nbg.eu\/es\/wp-json\/wp\/v2\/product"}],"about":[{"href":"https:\/\/staging.nbg.eu\/es\/wp-json\/wp\/v2\/types\/product"}],"wp:featuredmedia":[{"embeddable":true,"href":"https:\/\/staging.nbg.eu\/es\/wp-json\/wp\/v2\/media\/51402"}],"wp:attachment":[{"href":"https:\/\/staging.nbg.eu\/es\/wp-json\/wp\/v2\/media?parent=51432"}],"wp:term":[{"taxonomy":"product_brand","embeddable":true,"href":"https:\/\/staging.nbg.eu\/es\/wp-json\/wp\/v2\/product_brand?post=51432"},{"taxonomy":"product_cat","embeddable":true,"href":"https:\/\/staging.nbg.eu\/es\/wp-json\/wp\/v2\/product_cat?post=51432"},{"taxonomy":"product_tag","embeddable":true,"href":"https:\/\/staging.nbg.eu\/es\/wp-json\/wp\/v2\/product_tag?post=51432"}],"curies":[{"name":"wp","href":"https:\/\/api.w.org\/{rel}","templated":true}]}}