{"id":51401,"date":"2024-03-15T07:47:20","date_gmt":"2024-09-13T09:50:10","guid":{"rendered":"https:\/\/staging.nbg.eu\/product\/boretech-eliminator-4-oz\/"},"modified":"2024-09-13T09:51:16","modified_gmt":"2024-09-13T09:51:16","slug":"boretech-eliminator-4-oz","status":"publish","type":"product","link":"https:\/\/staging.nbg.eu\/es\/producto\/boretech-eliminator-4-oz\/","title":{"rendered":"BoreTech Eliminator &#8211; 4 Oz"},"content":{"rendered":"<div class=\"product-description\">\n<h2>BoreTech Eliminator &#8211; 118 ml<\/h2>\n<p>El limpiador de ca\u00f1\u00f3n BoreTech Eliminator\u2122 es un producto para la industria de tiro. Esta f\u00f3rmula patentada es de acci\u00f3n r\u00e1pida y segura para el ca\u00f1\u00f3n. Caracter\u00edsticas principales:<\/p>\n<ul>\n<li>100% seguro para el ca\u00f1\u00f3n y biodegradable<\/li>\n<li>Sin amon\u00edaco y sin olor<\/li>\n<li>Elimina carbono, cobre, plomo y residuos corrosivos<\/li>\n<li>No peligroso y f\u00e1cil de usar<\/li>\n<\/ul>\n<p>La mezcla de surfactantes qu\u00edmicos del Eliminator afloja los dep\u00f3sitos de carbono mientras oxida y suspende la suciedad de cobre. Esta acci\u00f3n evita la redeposici\u00f3n y asegura una limpieza completa sin perder efectividad.<\/p>\n<h3>Instrucciones:<\/h3>\n<ol>\n<li>Humedezca 3-4 parches con Eliminator y p\u00e1selos por el ca\u00f1\u00f3n en una direcci\u00f3n<\/li>\n<li>Haga 10-15 pasadas con un cepillo de nylon saturado<\/li>\n<li>Repita el paso 1 y deje actuar durante 3-5 minutos<\/li>\n<li>Pase parches secos hasta que salgan limpios<\/li>\n<li>Repita si es necesario<\/li>\n<li>Aplique aceite para armas Bore Tech Friction Guard XP para almacenamiento<\/li>\n<li>Pase un parche seco antes de usar<\/li>\n<\/ol>\n<p>Use BoreTech Eliminator para limpiar y proteger el ca\u00f1\u00f3n.<\/p>\n<\/div>\n","protected":false},"excerpt":{"rendered":"<p>BoreTech Eliminator: Limpiador de ca\u00f1\u00f3n seguro y potente. Elimina la suciedad.<\/p>\n","protected":false},"featured_media":70989,"template":"","meta":{"_acf_changed":false},"product_brand":[11163],"product_cat":[12274,12260],"product_tag":[],"class_list":{"0":"post-51401","1":"product","2":"type-product","3":"status-publish","4":"has-post-thumbnail","6":"product_brand-boretech","7":"product_cat-limpiadores","8":"product_cat-limpieza-de-armas","10":"first","11":"instock","12":"taxable","13":"shipping-taxable","14":"purchasable","15":"product-type-variable","16":"wvs-archive-product-wrapper"},"acf":[],"_links":{"self":[{"href":"https:\/\/staging.nbg.eu\/es\/wp-json\/wp\/v2\/product\/51401","targetHints":{"allow":["GET"]}}],"collection":[{"href":"https:\/\/staging.nbg.eu\/es\/wp-json\/wp\/v2\/product"}],"about":[{"href":"https:\/\/staging.nbg.eu\/es\/wp-json\/wp\/v2\/types\/product"}],"wp:featuredmedia":[{"embeddable":true,"href":"https:\/\/staging.nbg.eu\/es\/wp-json\/wp\/v2\/media\/70989"}],"wp:attachment":[{"href":"https:\/\/staging.nbg.eu\/es\/wp-json\/wp\/v2\/media?parent=51401"}],"wp:term":[{"taxonomy":"product_brand","embeddable":true,"href":"https:\/\/staging.nbg.eu\/es\/wp-json\/wp\/v2\/product_brand?post=51401"},{"taxonomy":"product_cat","embeddable":true,"href":"https:\/\/staging.nbg.eu\/es\/wp-json\/wp\/v2\/product_cat?post=51401"},{"taxonomy":"product_tag","embeddable":true,"href":"https:\/\/staging.nbg.eu\/es\/wp-json\/wp\/v2\/product_tag?post=51401"}],"curies":[{"name":"wp","href":"https:\/\/api.w.org\/{rel}","templated":true}]}}