{"id":51295,"date":"2024-03-15T17:11:28","date_gmt":"2024-03-15T17:11:28","guid":{"rendered":"https:\/\/staging.nbg.eu\/product\/bore-tech-bore-guide-bolt-action-centerfire-8mm-416-cal\/"},"modified":"2024-09-13T09:48:21","modified_gmt":"2024-09-13T09:48:21","slug":"guia-de-canon-bore-tech-cerrojo-fuego-central-8mm416-cal","status":"publish","type":"product","link":"https:\/\/staging.nbg.eu\/es\/producto\/guia-de-canon-bore-tech-cerrojo-fuego-central-8mm416-cal\/","title":{"rendered":"Gu\u00eda de Ca\u00f1\u00f3n Bore Tech &#8211; Cerrojo Fuego Central (8mm\/.416 Cal)"},"content":{"rendered":"<div class=\"product-description\">\n<h2>Gu\u00eda de ca\u00f1\u00f3n Bore Tech &#8211; Acci\u00f3n de cerrojo para rifle de fuego central (8mm\/.416 Cal)<\/h2>\n<p>Proteja su arma de fuego y varilla de limpieza con la gu\u00eda de ca\u00f1\u00f3n de Bore Tech. Esta herramienta para rifles de acci\u00f3n de cerrojo de fuego central asegura:<\/p>\n<ul>\n<li>Alineaci\u00f3n precisa de las varillas de limpieza con el ca\u00f1\u00f3n<\/li>\n<li>Prevenci\u00f3n de da\u00f1os al arma de fuego y varilla de limpieza<\/li>\n<li>Sellado con conos de goma resistentes a solventes<\/li>\n<li>Sin fugas de limpiador de ca\u00f1\u00f3n en la rec\u00e1mara y acci\u00f3n<\/li>\n<\/ul>\n<p>Caracter\u00edsticas:<\/p>\n<ul>\n<li>Componentes de mecanizado CNC y moldeado por inyecci\u00f3n<\/li>\n<li>C\u00f3digo de color verde para calibres de 8mm a .416<\/li>\n<li>Se adapta a la mayor\u00eda de los rifles de acci\u00f3n de cerrojo<\/li>\n<li>Puertos de solvente ensanchados para f\u00e1cil aplicaci\u00f3n<\/li>\n<li>Collar de cerrojo ajustable para acciones cortas y largas<\/li>\n<\/ul>\n<p>Invierta en el mantenimiento adecuado de armas de fuego con la gu\u00eda de ca\u00f1\u00f3n de Bore Tech.<\/p>\n<\/div>\n","protected":false},"excerpt":{"rendered":"<p>Herramienta de limpieza de precisi\u00f3n para rifles de cerrojo de 8mm a .416. Previene da\u00f1os.<\/p>\n","protected":false},"featured_media":51296,"template":"","meta":{"_acf_changed":false},"product_brand":[11163],"product_cat":[12219,12260],"product_tag":[],"class_list":{"0":"post-51295","1":"product","2":"type-product","3":"status-publish","4":"has-post-thumbnail","6":"product_brand-boretech","7":"product_cat-baquetas-de-limpieza","8":"product_cat-limpieza-de-armas","10":"first","11":"instock","12":"taxable","13":"shipping-taxable","14":"purchasable","15":"product-type-variable","16":"wvs-archive-product-wrapper"},"acf":[],"_links":{"self":[{"href":"https:\/\/staging.nbg.eu\/es\/wp-json\/wp\/v2\/product\/51295","targetHints":{"allow":["GET"]}}],"collection":[{"href":"https:\/\/staging.nbg.eu\/es\/wp-json\/wp\/v2\/product"}],"about":[{"href":"https:\/\/staging.nbg.eu\/es\/wp-json\/wp\/v2\/types\/product"}],"wp:featuredmedia":[{"embeddable":true,"href":"https:\/\/staging.nbg.eu\/es\/wp-json\/wp\/v2\/media\/51296"}],"wp:attachment":[{"href":"https:\/\/staging.nbg.eu\/es\/wp-json\/wp\/v2\/media?parent=51295"}],"wp:term":[{"taxonomy":"product_brand","embeddable":true,"href":"https:\/\/staging.nbg.eu\/es\/wp-json\/wp\/v2\/product_brand?post=51295"},{"taxonomy":"product_cat","embeddable":true,"href":"https:\/\/staging.nbg.eu\/es\/wp-json\/wp\/v2\/product_cat?post=51295"},{"taxonomy":"product_tag","embeddable":true,"href":"https:\/\/staging.nbg.eu\/es\/wp-json\/wp\/v2\/product_tag?post=51295"}],"curies":[{"name":"wp","href":"https:\/\/api.w.org\/{rel}","templated":true}]}}