{"id":51187,"date":"2024-03-16T18:40:45","date_gmt":"2024-09-13T09:25:34","guid":{"rendered":"https:\/\/staging.nbg.eu\/product\/bore-tech-bronze-stainless-chamber-brush\/"},"modified":"2024-09-13T09:26:33","modified_gmt":"2024-09-13T09:26:33","slug":"escobilla-de-recamara-bore-tech-bronceinoxidable","status":"publish","type":"product","link":"https:\/\/staging.nbg.eu\/es\/producto\/escobilla-de-recamara-bore-tech-bronceinoxidable\/","title":{"rendered":"Escobilla de Rec\u00e1mara Bore Tech Bronce\/Inoxidable"},"content":{"rendered":"<h2>Cepillo de c\u00e1mara de bronce\/acero inoxidable Bore Tech<\/h2>\n<p>Cepillos de c\u00e1mara Bore Tech de bronce\/acero inoxidable. Estos cepillos seguros para la c\u00e1mara est\u00e1n construidos con caracter\u00edsticas dise\u00f1adas.<\/p>\n<ul>\n<li>Combinaci\u00f3n de cerdas de bronce y acero inoxidable r\u00edgidas<\/li>\n<li>Doble acci\u00f3n de frotado para una limpieza m\u00e1s r\u00e1pida y efectiva<\/li>\n<li>N\u00facleo del cepillo de doble enrollado con extremos en bucle<\/li>\n<li>Pernos de aluminio de grado aeron\u00e1utico para durabilidad<\/li>\n<li>Disponible para AR-15 de .223\/5.56mm y AR-10 de .308\/7.62mm<\/li>\n<\/ul>\n<p>Cepillos de Bore Tech para limpieza de c\u00e1maras.<\/p>\n<h3>Instrucciones:<\/h3>\n<ol>\n<li>Atornille el cepillo a la varilla<\/li>\n<li>Humedezca el cepillo con limpiador (se recomienda C4 Carbon Remover o Eliminator Bore Cleaner)<\/li>\n<li>Inserte en la c\u00e1mara y gire 6-12 veces<\/li>\n<li>Vuelva a aplicar solvente y contin\u00fae cepillando seg\u00fan sea necesario<\/li>\n<li>Limpie la c\u00e1mara con un parche o mopa<\/li>\n<li>Limpie los cepillos antes de guardarlos<\/li>\n<\/ol>\n","protected":false},"excerpt":{"rendered":"<p>Cepillo eficiente de c\u00e1mara con doble cerda para rifles AR-15 y AR-10.<\/p>\n","protected":false},"featured_media":51188,"template":"","meta":{"_acf_changed":false},"product_brand":[11163],"product_cat":[12287,12260],"product_tag":[],"class_list":{"0":"post-51187","1":"product","2":"type-product","3":"status-publish","4":"has-post-thumbnail","6":"product_brand-boretech","7":"product_cat-cepillos","8":"product_cat-limpieza-de-armas","9":"pa_model-ar-10-es","10":"pa_model-ar-15-es","12":"first","13":"instock","14":"taxable","15":"shipping-taxable","16":"purchasable","17":"product-type-variable","18":"wvs-archive-product-wrapper"},"acf":[],"_links":{"self":[{"href":"https:\/\/staging.nbg.eu\/es\/wp-json\/wp\/v2\/product\/51187","targetHints":{"allow":["GET"]}}],"collection":[{"href":"https:\/\/staging.nbg.eu\/es\/wp-json\/wp\/v2\/product"}],"about":[{"href":"https:\/\/staging.nbg.eu\/es\/wp-json\/wp\/v2\/types\/product"}],"wp:featuredmedia":[{"embeddable":true,"href":"https:\/\/staging.nbg.eu\/es\/wp-json\/wp\/v2\/media\/51188"}],"wp:attachment":[{"href":"https:\/\/staging.nbg.eu\/es\/wp-json\/wp\/v2\/media?parent=51187"}],"wp:term":[{"taxonomy":"product_brand","embeddable":true,"href":"https:\/\/staging.nbg.eu\/es\/wp-json\/wp\/v2\/product_brand?post=51187"},{"taxonomy":"product_cat","embeddable":true,"href":"https:\/\/staging.nbg.eu\/es\/wp-json\/wp\/v2\/product_cat?post=51187"},{"taxonomy":"product_tag","embeddable":true,"href":"https:\/\/staging.nbg.eu\/es\/wp-json\/wp\/v2\/product_tag?post=51187"}],"curies":[{"name":"wp","href":"https:\/\/api.w.org\/{rel}","templated":true}]}}