{"id":51020,"date":"2024-01-30T18:05:11","date_gmt":"2024-09-13T09:12:30","guid":{"rendered":"https:\/\/staging.nbg.eu\/product\/blue-force-gear-vickers-padded-sling\/"},"modified":"2024-10-30T09:10:09","modified_gmt":"2024-10-30T09:10:09","slug":"portafusil-acolchado-blue-force-gear-vickers","status":"publish","type":"product","link":"https:\/\/staging.nbg.eu\/es\/producto\/portafusil-acolchado-blue-force-gear-vickers\/","title":{"rendered":"Portafusil Acolchado Blue Force Gear Vickers"},"content":{"rendered":"<h2>Correa Acolchada Vickers de Blue Force Gear<\/h2>\n<p>La Correa de Aplicaciones de Combate Acolchada Vickers\u2122 patentada. Desarrollada en colaboraci\u00f3n con Larry Vickers, ex miembro operativo del 1er SFOD-Delta, esta correa t\u00e1ctica de ajuste r\u00e1pido es utilizada por el Ej\u00e9rcito de los Estados Unidos.<\/p>\n<h2>Caracter\u00edsticas principales:<\/h2>\n<ul>\n<li>Almohadilla integrada de 2&#8243; para mayor comodidad<\/li>\n<li>Construcci\u00f3n de espuma de c\u00e9lula cerrada<\/li>\n<li>Ajustador r\u00e1pido para cambios de longitud instant\u00e1neos<\/li>\n<li>Transici\u00f3n sin problemas de transporte a posici\u00f3n de combate<\/li>\n<li>Fabricada en los Estados Unidos con materiales de alta calidad<\/li>\n<\/ul>\n<p>La Correa Acolchada Vickers combina comodidad y funcionalidad.<\/p>\n","protected":false},"excerpt":{"rendered":"<p>Correa t\u00e1ctica de ajuste r\u00e1pido con acolchado para mayor comodidad, dise\u00f1ada para rifles.<\/p>\n","protected":false},"featured_media":50870,"template":"","meta":{"_acf_changed":false},"product_brand":[11142],"product_cat":[12246,12242],"product_tag":[],"class_list":{"0":"post-51020","1":"product","2":"type-product","3":"status-publish","4":"has-post-thumbnail","6":"product_brand-blue-force-gear","7":"product_cat-equipo","8":"product_cat-portafusiles","10":"first","11":"instock","12":"taxable","13":"shipping-taxable","14":"purchasable","15":"product-type-variable","16":"wvs-archive-product-wrapper"},"acf":[],"_links":{"self":[{"href":"https:\/\/staging.nbg.eu\/es\/wp-json\/wp\/v2\/product\/51020","targetHints":{"allow":["GET"]}}],"collection":[{"href":"https:\/\/staging.nbg.eu\/es\/wp-json\/wp\/v2\/product"}],"about":[{"href":"https:\/\/staging.nbg.eu\/es\/wp-json\/wp\/v2\/types\/product"}],"wp:featuredmedia":[{"embeddable":true,"href":"https:\/\/staging.nbg.eu\/es\/wp-json\/wp\/v2\/media\/50870"}],"wp:attachment":[{"href":"https:\/\/staging.nbg.eu\/es\/wp-json\/wp\/v2\/media?parent=51020"}],"wp:term":[{"taxonomy":"product_brand","embeddable":true,"href":"https:\/\/staging.nbg.eu\/es\/wp-json\/wp\/v2\/product_brand?post=51020"},{"taxonomy":"product_cat","embeddable":true,"href":"https:\/\/staging.nbg.eu\/es\/wp-json\/wp\/v2\/product_cat?post=51020"},{"taxonomy":"product_tag","embeddable":true,"href":"https:\/\/staging.nbg.eu\/es\/wp-json\/wp\/v2\/product_tag?post=51020"}],"curies":[{"name":"wp","href":"https:\/\/api.w.org\/{rel}","templated":true}]}}