{"id":50869,"date":"2024-04-18T08:10:02","date_gmt":"2024-09-13T09:08:28","guid":{"rendered":"https:\/\/staging.nbg.eu\/product\/blue-force-gear-hunting-sling\/"},"modified":"2024-09-13T09:09:29","modified_gmt":"2024-09-13T09:09:29","slug":"portafusil-blue-force-gear-caza","status":"publish","type":"product","link":"https:\/\/staging.nbg.eu\/es\/producto\/portafusil-blue-force-gear-caza\/","title":{"rendered":"Portafusil Blue Force Gear Caza"},"content":{"rendered":"<h2>Correa de Caza Blue Force Gear<\/h2>\n<p>La correa de caza Blue Force Gear est\u00e1 dise\u00f1ada para rifles y escopetas. Esta correa combina calidad probada en combate con facilidad de uso, adapt\u00e1ndose a los anillos de correa tradicionales.<\/p>\n<h2>Caracter\u00edsticas principales:<\/h2>\n<ul>\n<li>Tejido CORDURA\u00ae de INVISTA\u2122 te\u00f1ido en soluci\u00f3n de grado militar<\/li>\n<li>Ajustable r\u00e1pidamente de 26&#8243; a 46&#8243;<\/li>\n<li>Incluye anillos de liberaci\u00f3n lateral cautivos<\/li>\n<li>Resistente a la decoloraci\u00f3n, enrollamiento, agrietamiento y endurecimiento<\/li>\n<li>Adecuada para caminatas largas y subir a puestos de caza<\/li>\n<\/ul>\n<p>Esta correa ofrece durabilidad y funcionalidad, permitiendo transiciones entre posiciones de transporte y de tiro. Permite asegurar el arma cerca del cuerpo o aflojarla para apuntar y disparar r\u00e1pidamente.<\/p>\n","protected":false},"excerpt":{"rendered":"<p>Correa resistente y ajustable para rifles y escopetas. F\u00e1cil de usar.<\/p>\n","protected":false},"featured_media":50870,"template":"","meta":{"_acf_changed":false},"product_brand":[11142],"product_cat":[12246,12242],"product_tag":[],"class_list":{"0":"post-50869","1":"product","2":"type-product","3":"status-publish","4":"has-post-thumbnail","6":"product_brand-blue-force-gear","7":"product_cat-equipo","8":"product_cat-portafusiles","10":"first","11":"instock","12":"taxable","13":"shipping-taxable","14":"purchasable","15":"product-type-variable","16":"wvs-archive-product-wrapper"},"acf":[],"_links":{"self":[{"href":"https:\/\/staging.nbg.eu\/es\/wp-json\/wp\/v2\/product\/50869","targetHints":{"allow":["GET"]}}],"collection":[{"href":"https:\/\/staging.nbg.eu\/es\/wp-json\/wp\/v2\/product"}],"about":[{"href":"https:\/\/staging.nbg.eu\/es\/wp-json\/wp\/v2\/types\/product"}],"wp:featuredmedia":[{"embeddable":true,"href":"https:\/\/staging.nbg.eu\/es\/wp-json\/wp\/v2\/media\/50870"}],"wp:attachment":[{"href":"https:\/\/staging.nbg.eu\/es\/wp-json\/wp\/v2\/media?parent=50869"}],"wp:term":[{"taxonomy":"product_brand","embeddable":true,"href":"https:\/\/staging.nbg.eu\/es\/wp-json\/wp\/v2\/product_brand?post=50869"},{"taxonomy":"product_cat","embeddable":true,"href":"https:\/\/staging.nbg.eu\/es\/wp-json\/wp\/v2\/product_cat?post=50869"},{"taxonomy":"product_tag","embeddable":true,"href":"https:\/\/staging.nbg.eu\/es\/wp-json\/wp\/v2\/product_tag?post=50869"}],"curies":[{"name":"wp","href":"https:\/\/api.w.org\/{rel}","templated":true}]}}