{"id":50015,"date":"2024-05-23T19:46:21","date_gmt":"2024-09-13T08:37:47","guid":{"rendered":"https:\/\/staging.nbg.eu\/product\/blue-force-gear-micro-trauma-kit-now\/"},"modified":"2024-09-13T08:38:46","modified_gmt":"2024-09-13T08:38:46","slug":"kit-micro-trauma-blue-force-gear-now","status":"publish","type":"product","link":"https:\/\/staging.nbg.eu\/es\/producto\/kit-micro-trauma-blue-force-gear-now\/","title":{"rendered":"Kit Micro Trauma Blue Force Gear NOW"},"content":{"rendered":"<div class=\"product-description\">\n<h2>Blue Force Gear Micro Trauma Kit NOW!<\/h2>\n<p>El Micro Trauma Kit NOW! (Micro TKN) es una soluci\u00f3n compacta para llevar suministros m\u00e9dicos esenciales diariamente. Dise\u00f1ado para profesionales de la ley, ciudadanos preparados y cazadores, este kit montado en el cintur\u00f3n asegura un acceso r\u00e1pido a art\u00edculos de primeros auxilios cr\u00edticos.<\/p>\n<h2>Caracter\u00edsticas principales:<\/h2>\n<ul>\n<li>Tama\u00f1o compacto para uso diario c\u00f3modo<\/li>\n<li>Despliegue con una sola mano desde ambos lados<\/li>\n<li>Opciones de fijaci\u00f3n MOLLE o cintur\u00f3n<\/li>\n<li>Tecnolog\u00eda Ten-Speed para almacenamiento seguro<\/li>\n<li>Inserto extra\u00edble para almacenamiento organizado de suministros<\/li>\n<li>Leng\u00fcetas ajustables de gancho y bucle que se adaptan a la mayor\u00eda de los cinturones<\/li>\n<\/ul>\n<p>Est\u00e9 preparado para emergencias con el Micro TKN &#8211; su recurso port\u00e1til cuando cada segundo cuenta.<\/p>\n<\/div>\n","protected":false},"excerpt":{"rendered":"<p>Kit de trauma compacto y salvavidas para llevar a diario en su cintur\u00f3n.<\/p>\n","protected":false},"featured_media":50016,"template":"","meta":{"_acf_changed":false},"product_brand":[11142],"product_cat":[12246,12281],"product_tag":[],"class_list":{"0":"post-50015","1":"product","2":"type-product","3":"status-publish","4":"has-post-thumbnail","6":"product_brand-blue-force-gear","7":"product_cat-equipo","8":"product_cat-medico","10":"first","11":"instock","12":"taxable","13":"shipping-taxable","14":"purchasable","15":"product-type-variable","16":"wvs-archive-product-wrapper"},"acf":[],"_links":{"self":[{"href":"https:\/\/staging.nbg.eu\/es\/wp-json\/wp\/v2\/product\/50015","targetHints":{"allow":["GET"]}}],"collection":[{"href":"https:\/\/staging.nbg.eu\/es\/wp-json\/wp\/v2\/product"}],"about":[{"href":"https:\/\/staging.nbg.eu\/es\/wp-json\/wp\/v2\/types\/product"}],"wp:featuredmedia":[{"embeddable":true,"href":"https:\/\/staging.nbg.eu\/es\/wp-json\/wp\/v2\/media\/50016"}],"wp:attachment":[{"href":"https:\/\/staging.nbg.eu\/es\/wp-json\/wp\/v2\/media?parent=50015"}],"wp:term":[{"taxonomy":"product_brand","embeddable":true,"href":"https:\/\/staging.nbg.eu\/es\/wp-json\/wp\/v2\/product_brand?post=50015"},{"taxonomy":"product_cat","embeddable":true,"href":"https:\/\/staging.nbg.eu\/es\/wp-json\/wp\/v2\/product_cat?post=50015"},{"taxonomy":"product_tag","embeddable":true,"href":"https:\/\/staging.nbg.eu\/es\/wp-json\/wp\/v2\/product_tag?post=50015"}],"curies":[{"name":"wp","href":"https:\/\/api.w.org\/{rel}","templated":true}]}}