{"id":49523,"date":"2024-07-29T18:42:30","date_gmt":"2024-09-12T16:13:28","guid":{"rendered":"https:\/\/staging.nbg.eu\/product\/large-utility-dapper-pouch\/"},"modified":"2024-09-12T16:14:29","modified_gmt":"2024-09-12T16:14:29","slug":"bolsa-utilitaria-grande-dapper","status":"publish","type":"product","link":"https:\/\/staging.nbg.eu\/es\/producto\/bolsa-utilitaria-grande-dapper\/","title":{"rendered":"Bolsa Utilitaria Grande Dapper"},"content":{"rendered":"<div class=\"product-description\">\n<h2>Bolsa Utilitaria Grande<\/h2>\n<p>Esta bolsa utilitaria grande est\u00e1 dise\u00f1ada para contener la mayor\u00eda de los art\u00edculos cotidianos y equipo de misi\u00f3n. Puede contener desde cargadores y equipos inform\u00e1ticos hasta suministros m\u00e9dicos y herramientas.<\/p>\n<ul>\n<li>Instalaci\u00f3n y remoci\u00f3n r\u00e1pida en cualquier campo de bucle<\/li>\n<li>Dos tiradores de cremallera azules para f\u00e1cil acceso<\/li>\n<li>Asa de transporte superior de goma para transporte conveniente<\/li>\n<li>Parte superior transparente para ver el contenido r\u00e1pidamente<\/li>\n<li>Campo de bucle interior para opciones adicionales de organizaci\u00f3n<\/li>\n<li>Respaldo con ganchos para montaje vers\u00e1til en varias superficies<\/li>\n<\/ul>\n<p>Para uso con mochilas Blue Force Gear, Inserciones Dapper o aplicaciones personalizadas.<\/p>\n<\/div>\n","protected":false},"excerpt":{"rendered":"<p>Bolsa vers\u00e1til y desmontable para equipo diario y elementos esenciales para misiones.<\/p>\n","protected":false},"featured_media":49527,"template":"","meta":{"_acf_changed":false},"product_brand":[11142],"product_cat":[12237,12246],"product_tag":[],"class_list":{"0":"post-49523","1":"product","2":"type-product","3":"status-publish","4":"has-post-thumbnail","6":"product_brand-blue-force-gear","7":"product_cat-bolsas","8":"product_cat-equipo","10":"first","11":"instock","12":"taxable","13":"shipping-taxable","14":"purchasable","15":"product-type-simple"},"acf":[],"_links":{"self":[{"href":"https:\/\/staging.nbg.eu\/es\/wp-json\/wp\/v2\/product\/49523","targetHints":{"allow":["GET"]}}],"collection":[{"href":"https:\/\/staging.nbg.eu\/es\/wp-json\/wp\/v2\/product"}],"about":[{"href":"https:\/\/staging.nbg.eu\/es\/wp-json\/wp\/v2\/types\/product"}],"wp:featuredmedia":[{"embeddable":true,"href":"https:\/\/staging.nbg.eu\/es\/wp-json\/wp\/v2\/media\/49527"}],"wp:attachment":[{"href":"https:\/\/staging.nbg.eu\/es\/wp-json\/wp\/v2\/media?parent=49523"}],"wp:term":[{"taxonomy":"product_brand","embeddable":true,"href":"https:\/\/staging.nbg.eu\/es\/wp-json\/wp\/v2\/product_brand?post=49523"},{"taxonomy":"product_cat","embeddable":true,"href":"https:\/\/staging.nbg.eu\/es\/wp-json\/wp\/v2\/product_cat?post=49523"},{"taxonomy":"product_tag","embeddable":true,"href":"https:\/\/staging.nbg.eu\/es\/wp-json\/wp\/v2\/product_tag?post=49523"}],"curies":[{"name":"wp","href":"https:\/\/api.w.org\/{rel}","templated":true}]}}