{"id":49061,"date":"2024-07-29T18:46:44","date_gmt":"2024-09-12T16:04:50","guid":{"rendered":"https:\/\/staging.nbg.eu\/product\/horizontal-ten-speed-single-m4-mag-pouch\/"},"modified":"2024-09-12T16:05:54","modified_gmt":"2024-09-12T16:05:54","slug":"portacargador-horizontal-individual-ten-speed-m4","status":"publish","type":"product","link":"https:\/\/staging.nbg.eu\/es\/producto\/portacargador-horizontal-individual-ten-speed-m4\/","title":{"rendered":"Portacargador Horizontal Individual Ten-Speed M4"},"content":{"rendered":"<h2>Porta Cargador Horizontal Ten-Speed\u00ae Individual M4<\/h2>\n<p>El porta cargador horizontal Ten-Speed\u00ae M4 ofrece una soluci\u00f3n para llevar munici\u00f3n. Construido con el\u00e1stico de grado militar, este porta cargador est\u00e1 dise\u00f1ado para adaptarse a secciones de sistema MOLLE no utilizadas en chalecos, portaplacas o cinturones.<\/p>\n<ul>\n<li>Compatible con cargadores STANAG M4 de 30 cartuchos y la mayor\u00eda de cargadores de 5.56<\/li>\n<li>Acomoda cargadores m\u00e1s grandes de SMG (UMP, CZ Scorpion, P90) y algunos cargadores AK-74<\/li>\n<li>Opciones de almacenamiento: balas hacia arriba\/abajo, adelante\/atr\u00e1s<\/li>\n<li>Disponible en versiones compatibles con MOLLE Helium Whisper y montaje en cintur\u00f3n<\/li>\n<li>La versi\u00f3n de montaje en cintur\u00f3n se adapta a cinturones de hasta 2&#8243; de ancho con montajes ajustables de gancho y bucle<\/li>\n<\/ul>\n<p>El porta cargador horizontal Ten-Speed\u00ae individual M4 es una soluci\u00f3n para el manejo de munici\u00f3n.<\/p>\n","protected":false},"excerpt":{"rendered":"<p>Portacargador horizontal vers\u00e1til para cargadores M4\/5.56. Montaje en sistema MOLLE o cintur\u00f3n.<\/p>\n","protected":false},"featured_media":49068,"template":"","meta":{"_acf_changed":false},"product_brand":[11142],"product_cat":[12237,12246,12222],"product_tag":[],"class_list":{"0":"post-49061","1":"product","2":"type-product","3":"status-publish","4":"has-post-thumbnail","6":"product_brand-blue-force-gear","7":"product_cat-bolsas","8":"product_cat-equipo","9":"product_cat-portacargadores","11":"first","12":"instock","13":"taxable","14":"shipping-taxable","15":"purchasable","16":"product-type-simple"},"acf":[],"_links":{"self":[{"href":"https:\/\/staging.nbg.eu\/es\/wp-json\/wp\/v2\/product\/49061","targetHints":{"allow":["GET"]}}],"collection":[{"href":"https:\/\/staging.nbg.eu\/es\/wp-json\/wp\/v2\/product"}],"about":[{"href":"https:\/\/staging.nbg.eu\/es\/wp-json\/wp\/v2\/types\/product"}],"wp:featuredmedia":[{"embeddable":true,"href":"https:\/\/staging.nbg.eu\/es\/wp-json\/wp\/v2\/media\/49068"}],"wp:attachment":[{"href":"https:\/\/staging.nbg.eu\/es\/wp-json\/wp\/v2\/media?parent=49061"}],"wp:term":[{"taxonomy":"product_brand","embeddable":true,"href":"https:\/\/staging.nbg.eu\/es\/wp-json\/wp\/v2\/product_brand?post=49061"},{"taxonomy":"product_cat","embeddable":true,"href":"https:\/\/staging.nbg.eu\/es\/wp-json\/wp\/v2\/product_cat?post=49061"},{"taxonomy":"product_tag","embeddable":true,"href":"https:\/\/staging.nbg.eu\/es\/wp-json\/wp\/v2\/product_tag?post=49061"}],"curies":[{"name":"wp","href":"https:\/\/api.w.org\/{rel}","templated":true}]}}