{"id":48691,"date":"2024-07-29T19:00:12","date_gmt":"2024-09-12T15:54:03","guid":{"rendered":"https:\/\/staging.nbg.eu\/product\/ten-speed-single-pistol-mag-pouch\/"},"modified":"2024-09-12T15:55:09","modified_gmt":"2024-09-12T15:55:09","slug":"portacargador-individual-ten-speed-pistola","status":"publish","type":"product","link":"https:\/\/staging.nbg.eu\/es\/producto\/portacargador-individual-ten-speed-pistola\/","title":{"rendered":"Portacargador Individual Ten-Speed Pistola"},"content":{"rendered":"<h2>Portacargador de pistola individual Ten-Speed\u00ae<\/h2>\n<p>Nuestro portacargador de pistola individual Ten-Speed\u00ae est\u00e1 dise\u00f1ado para el operador t\u00e1ctico moderno. Este portacargador vers\u00e1til acomoda:<\/p>\n<ul>\n<li>Cargadores de pistola de pila simple o doble (hasta HK 45)<\/li>\n<li>Herramientas multiusos<\/li>\n<li>Linternas<\/li>\n<li>Cuchillos<\/li>\n<li>Aerosoles OC peque\u00f1os<\/li>\n<\/ul>\n<p>Con el\u00e1stico de grado militar y construcci\u00f3n ULTRAcomp\u2122, este portacargador ligero se aplana cuando no est\u00e1 en uso. El sistema de sujeci\u00f3n Helium Whisper\u00ae patentado asegura la compatibilidad MOLLE y reduce el peso hasta un 60% sin comprometer la durabilidad.<\/p>\n<p>Tama\u00f1o: 0,3175 cm x 5,08 cm x 10,16 cm (requiere campo MOLLE 2&#215;1)<\/p>\n<p>Experimente una mejor retenci\u00f3n y durabilidad con nuestras \u00faltimas innovaciones en materiales.<\/p>\n","protected":false},"excerpt":{"rendered":"<p>Portacargador de pistola ultraligero de acceso r\u00e1pido para cargadores de fila simple o doble.<\/p>\n","protected":false},"featured_media":33990,"template":"","meta":{"_acf_changed":false},"product_brand":[11142],"product_cat":[12237,12246,12222],"product_tag":[],"class_list":{"0":"post-48691","1":"product","2":"type-product","3":"status-publish","4":"has-post-thumbnail","6":"product_brand-blue-force-gear","7":"product_cat-bolsas","8":"product_cat-equipo","9":"product_cat-portacargadores","11":"first","12":"instock","13":"taxable","14":"shipping-taxable","15":"purchasable","16":"product-type-variable","17":"wvs-archive-product-wrapper"},"acf":[],"_links":{"self":[{"href":"https:\/\/staging.nbg.eu\/es\/wp-json\/wp\/v2\/product\/48691","targetHints":{"allow":["GET"]}}],"collection":[{"href":"https:\/\/staging.nbg.eu\/es\/wp-json\/wp\/v2\/product"}],"about":[{"href":"https:\/\/staging.nbg.eu\/es\/wp-json\/wp\/v2\/types\/product"}],"wp:featuredmedia":[{"embeddable":true,"href":"https:\/\/staging.nbg.eu\/es\/wp-json\/wp\/v2\/media\/33990"}],"wp:attachment":[{"href":"https:\/\/staging.nbg.eu\/es\/wp-json\/wp\/v2\/media?parent=48691"}],"wp:term":[{"taxonomy":"product_brand","embeddable":true,"href":"https:\/\/staging.nbg.eu\/es\/wp-json\/wp\/v2\/product_brand?post=48691"},{"taxonomy":"product_cat","embeddable":true,"href":"https:\/\/staging.nbg.eu\/es\/wp-json\/wp\/v2\/product_cat?post=48691"},{"taxonomy":"product_tag","embeddable":true,"href":"https:\/\/staging.nbg.eu\/es\/wp-json\/wp\/v2\/product_tag?post=48691"}],"curies":[{"name":"wp","href":"https:\/\/api.w.org\/{rel}","templated":true}]}}