{"id":48579,"date":"2024-07-30T17:57:46","date_gmt":"2024-07-30T17:57:46","guid":{"rendered":"https:\/\/staging.nbg.eu\/product\/red-dot-sight-holosun-hs503gu\/"},"modified":"2024-09-12T15:42:58","modified_gmt":"2024-09-12T15:42:58","slug":"mira-punto-rojo-holosun-hs503gu","status":"publish","type":"product","link":"https:\/\/staging.nbg.eu\/es\/producto\/mira-punto-rojo-holosun-hs503gu\/","title":{"rendered":"Mira Punto Rojo Holosun HS503GU"},"content":{"rendered":"<h2>Mira de Punto Rojo Holosun HS503GU<\/h2>\n<p>La mira \u00f3ptica Holosun HS503GU tiene las siguientes caracter\u00edsticas:<\/p>\n<ul>\n<li>Ret\u00edcula de c\u00edrculo y punto con punto de 2 MOA y c\u00edrculo de 65 MOA<\/li>\n<li>Ubicaci\u00f3n de la bater\u00eda en una torreta atornillable<\/li>\n<li>Dise\u00f1o de carcasa protectora para las torretas de elevaci\u00f3n y deriva<\/li>\n<li>Duraci\u00f3n de bater\u00eda de hasta 2 a\u00f1os con uso constante<\/li>\n<li>Funci\u00f3n de encendido\/apagado activada por movimiento<\/li>\n<li>Tecnolog\u00eda LED<\/li>\n<li>Posicionamiento de lente fuera del eje para reflexi\u00f3n de luz<\/li>\n<li>Construcci\u00f3n de aluminio ligero (0.4 libras)<\/li>\n<li>Tama\u00f1o compacto: 2.6&#8243;L x 1.5&#8243;A x 2.7&#8243;A<\/li>\n<li>Aumento 1x para adquisici\u00f3n r\u00e1pida del objetivo<\/li>\n<li>Compatibilidad con montura Picatinny<\/li>\n<\/ul>\n<p>La HS503GU es adecuada para caza y deportes de tiro t\u00e1ctico. Ofrece precisi\u00f3n y durabilidad.<\/p>\n","protected":false},"excerpt":{"rendered":"<p>Mira de punto rojo compacta con ret\u00edcula de c\u00edrculo y punto y larga duraci\u00f3n de la bater\u00eda.<\/p>\n","protected":false},"featured_media":48580,"template":"","meta":{"_acf_changed":false},"product_brand":[11441],"product_cat":[12255,12256,12289],"product_tag":[],"class_list":{"0":"post-48579","1":"product","2":"type-product","3":"status-publish","4":"has-post-thumbnail","6":"product_brand-holosun","7":"product_cat-punteria","8":"product_cat-puntos-rojos","9":"product_cat-puntos-rojos-para-rifle","11":"first","12":"outofstock","13":"taxable","14":"shipping-taxable","15":"purchasable","16":"product-type-simple"},"acf":[],"_links":{"self":[{"href":"https:\/\/staging.nbg.eu\/es\/wp-json\/wp\/v2\/product\/48579","targetHints":{"allow":["GET"]}}],"collection":[{"href":"https:\/\/staging.nbg.eu\/es\/wp-json\/wp\/v2\/product"}],"about":[{"href":"https:\/\/staging.nbg.eu\/es\/wp-json\/wp\/v2\/types\/product"}],"wp:featuredmedia":[{"embeddable":true,"href":"https:\/\/staging.nbg.eu\/es\/wp-json\/wp\/v2\/media\/48580"}],"wp:attachment":[{"href":"https:\/\/staging.nbg.eu\/es\/wp-json\/wp\/v2\/media?parent=48579"}],"wp:term":[{"taxonomy":"product_brand","embeddable":true,"href":"https:\/\/staging.nbg.eu\/es\/wp-json\/wp\/v2\/product_brand?post=48579"},{"taxonomy":"product_cat","embeddable":true,"href":"https:\/\/staging.nbg.eu\/es\/wp-json\/wp\/v2\/product_cat?post=48579"},{"taxonomy":"product_tag","embeddable":true,"href":"https:\/\/staging.nbg.eu\/es\/wp-json\/wp\/v2\/product_tag?post=48579"}],"curies":[{"name":"wp","href":"https:\/\/api.w.org\/{rel}","templated":true}]}}