{"id":48291,"date":"2024-07-30T18:00:01","date_gmt":"2024-09-12T15:21:23","guid":{"rendered":"https:\/\/staging.nbg.eu\/product\/red-dot-sight-holosun-hs507k\/"},"modified":"2024-09-12T15:22:15","modified_gmt":"2024-09-12T15:22:15","slug":"mira-punto-rojo-holosun-hs507k","status":"publish","type":"product","link":"https:\/\/staging.nbg.eu\/es\/producto\/mira-punto-rojo-holosun-hs507k\/","title":{"rendered":"Mira Punto Rojo Holosun HS507K"},"content":{"rendered":"<h2>Mira de Punto Rojo Holosun HS507K X2<\/h2>\n<p>El Holosun HS507K X2 es una mira \u00f3ptica de reflejo abierto dise\u00f1ada para aplicaciones en pistolas subcompactas. Esta mira mejora su predecesor con la adici\u00f3n del Modo de Bloqueo, una funci\u00f3n que asegura la configuraci\u00f3n de los botones para evitar cambios accidentales.<\/p>\n<h2>Caracter\u00edsticas principales:<\/h2>\n<ul>\n<li>LED rojo con duraci\u00f3n de bater\u00eda de hasta 50,000 horas<\/li>\n<li>Sistema de Ret\u00edcula M\u00faltiple: Punto con C\u00edrculo, Punto de 2 MOA y C\u00edrculo de 32 MOA<\/li>\n<li>Tecnolog\u00eda Shake Awake para activaci\u00f3n instant\u00e1nea<\/li>\n<li>Carcasa de aluminio 7075 resistente<\/li>\n<li>Bandeja lateral para f\u00e1cil reemplazo de bater\u00eda 1632<\/li>\n<li>Compatible con P365X\/XL (se requiere placa adaptadora para diapositivas de interfaz de cuatro puntos)<\/li>\n<\/ul>\n<h2>Especificaciones:<\/h2>\n<ul>\n<li>12 niveles de brillo: 10 para luz diurna y 2 compatibles con visi\u00f3n nocturna<\/li>\n<li>Sin paralaje y alivio ocular ilimitado<\/li>\n<li>Clasificaci\u00f3n de impermeabilidad IP67<\/li>\n<li>Tama\u00f1o de ventana: 0.58&#8243; x 0.77&#8243;<\/li>\n<li>Dimensiones: 1.6&#8243; x 0.98&#8243; x 0.95&#8243;<\/li>\n<li>Peso: 1 oz<\/li>\n<li>Ajuste de clic de 1 MOA<\/li>\n<li>Rango de ajuste de deriva y elevaci\u00f3n de \u00b130 MOA<\/li>\n<li>Temperatura de operaci\u00f3n: -20\u00b0C a 51\u00b0C<\/li>\n<li>Temperatura de almacenamiento: -20\u00b0C a 65\u00b0C<\/li>\n<li>Resistencia a la vibraci\u00f3n: 5000G<\/li>\n<\/ul>\n<p>El HS507K X2 es ideal para armas de porte oculto (CCW), ofreciendo una soluci\u00f3n compacta para mejorar la adquisici\u00f3n de objetivos. Su construcci\u00f3n duradera y caracter\u00edsticas avanzadas lo convierten en una opci\u00f3n para entusiastas de armas de fuego y profesionales. El Holosun HS507K X2 permite mejorar la precisi\u00f3n y adquisici\u00f3n de objetivos m\u00e1s r\u00e1pida.<\/p>\n","protected":false},"excerpt":{"rendered":"<p>Mira de punto rojo compacta para pistolas. M\u00faltiples ret\u00edculas, larga duraci\u00f3n de la bater\u00eda, resistente.<\/p>\n","protected":false},"featured_media":48292,"template":"","meta":{"_acf_changed":false},"product_brand":[11441],"product_cat":[12236,12255,12256,12235],"product_tag":[],"class_list":{"0":"post-48291","1":"product","2":"type-product","3":"status-publish","4":"has-post-thumbnail","6":"product_brand-holosun","7":"product_cat-pistola","8":"product_cat-punteria","9":"product_cat-puntos-rojos","10":"product_cat-puntos-rojos-para-pistola","12":"first","13":"instock","14":"taxable","15":"shipping-taxable","16":"purchasable","17":"product-type-simple"},"acf":[],"_links":{"self":[{"href":"https:\/\/staging.nbg.eu\/es\/wp-json\/wp\/v2\/product\/48291","targetHints":{"allow":["GET"]}}],"collection":[{"href":"https:\/\/staging.nbg.eu\/es\/wp-json\/wp\/v2\/product"}],"about":[{"href":"https:\/\/staging.nbg.eu\/es\/wp-json\/wp\/v2\/types\/product"}],"wp:featuredmedia":[{"embeddable":true,"href":"https:\/\/staging.nbg.eu\/es\/wp-json\/wp\/v2\/media\/48292"}],"wp:attachment":[{"href":"https:\/\/staging.nbg.eu\/es\/wp-json\/wp\/v2\/media?parent=48291"}],"wp:term":[{"taxonomy":"product_brand","embeddable":true,"href":"https:\/\/staging.nbg.eu\/es\/wp-json\/wp\/v2\/product_brand?post=48291"},{"taxonomy":"product_cat","embeddable":true,"href":"https:\/\/staging.nbg.eu\/es\/wp-json\/wp\/v2\/product_cat?post=48291"},{"taxonomy":"product_tag","embeddable":true,"href":"https:\/\/staging.nbg.eu\/es\/wp-json\/wp\/v2\/product_tag?post=48291"}],"curies":[{"name":"wp","href":"https:\/\/api.w.org\/{rel}","templated":true}]}}