{"id":47847,"date":"2024-07-30T18:21:46","date_gmt":"2024-09-12T13:52:42","guid":{"rendered":"https:\/\/staging.nbg.eu\/product\/surefire-supressor-alighnment-rod\/"},"modified":"2024-09-12T13:53:36","modified_gmt":"2024-09-12T13:53:36","slug":"varilla-alineacion-supresor-surefire","status":"publish","type":"product","link":"https:\/\/staging.nbg.eu\/es\/producto\/varilla-alineacion-supresor-surefire\/","title":{"rendered":"Varilla Alineacion Supresor Surefire"},"content":{"rendered":"<p style=\"text-align: center\"><span style=\"font-size: 170%\"><strong>Varillas de alineaci\u00f3n de ca\u00f1\u00f3n SureFire<\/strong><\/span><\/p>\n<p><strong>H\u00e1galo bien a la primera.<\/strong> Las varillas de ca\u00f1\u00f3n SureFire son herramientas \u00fatiles que aseguran la concentricidad adecuada a lo largo de la trayectoria del proyectil al disparar con supresor en una nueva plataforma. La varilla representa con mayor precisi\u00f3n la trayectoria del proyectil y mostrar\u00e1 cualquier desalineaci\u00f3n, si existe. SureFire recomienda que los operadores verifiquen la alineaci\u00f3n del ca\u00f1\u00f3n al adaptador al supresor en cualquier montaje nuevo o configuraci\u00f3n no disparada previamente, y las varillas de ca\u00f1\u00f3n SureFire son la forma m\u00e1s efectiva de confirmarlo. Simplemente elija la varilla correspondiente para el calibre de su rifle o carabina.<\/p>\n<p><span style=\"color: #282828\"><strong><span style=\"font-size: 150%\">CARACTER\u00cdSTICAS:<\/span><\/strong><\/span><\/p>\n<p style=\"padding-left: 40px\"><span style=\"color: #282828\"><strong>\u2588 <\/strong><\/span>Fabricado en EE.UU.<\/p>\n<p style=\"padding-left: 40px\"><span style=\"color: #282828\"><strong>\u2588 <\/strong><\/span>Acero inoxidable tratado t\u00e9rmicamente.<\/p>\n<p style=\"padding-left: 40px\"><span style=\"color: #282828\"><strong>\u2588 <\/strong><\/span>Para validaci\u00f3n de la configuraci\u00f3n antes del primer disparo.<\/p>\n<p style=\"padding-left: 40px\"><span style=\"color: #282828\"><strong>\u2588 <\/strong><\/span>Varillas mecanizadas con precisi\u00f3n para una verificaci\u00f3n m\u00e1s precisa.<\/p>\n<p style=\"padding-left: 40px\"><span style=\"color: #282828\"><strong>\u2588 <\/strong><\/span>La varilla mecanizada con precisi\u00f3n mostrar\u00e1 cualquier desviaci\u00f3n en la alineaci\u00f3n.<\/p>\n<p style=\"padding-left: 40px\"><span style=\"color: #282828\"><strong>\u2588 <\/strong><\/span>El m\u00e9todo aprobado por SureFire para verificar la alineaci\u00f3n correcta del supresor.<\/p>\n<p style=\"padding-left: 40px\"><span style=\"color: #282828\"><strong>\u2588 <\/strong><\/span>Varillas de calibre espec\u00edfico para las opciones m\u00e1s populares en el mercado actual.<\/p>\n<p style=\"padding-left: 40px\"><span style=\"color: #282828\"><strong>\u2588 <\/strong><\/span>Se debe ver un espacio igual entre el orificio del supresor y la varilla centrada.<\/p>\n<p style=\"padding-left: 40px\"><span style=\"color: #282828\"><strong>\u2588 <\/strong><\/span>Simplemente inserte la varilla a trav\u00e9s del supresor montado de un arma descargada.<\/p>\n<p style=\"padding-left: 40px\"><span style=\"color: #282828\"><strong>\u2588 <\/strong><\/span>Varillas espec\u00edficas disponibles para los calibres m\u00e1s populares, es decir, (5.56 mm, 6.5 mm, 6.8 mm, 7.62 mm, 9 mm, .338)<\/p>\n<table width=\"595\">\n<tbody>\n<tr>\n<td colspan=\"2\" width=\"595\"><span style=\"font-size: 150%;color: #282828\"><b>ATRIBUTOS CLAVE<\/b><\/span><\/td>\n<\/tr>\n<tr>\n<td width=\"198\"><b>CALIBRE<\/b><\/td>\n<td width=\"397\">5.56 mm, 6.5 mm, 6.8 mm, 7.62 mm, 9 mm, .338 cal<\/td>\n<\/tr>\n<tr>\n<td width=\"198\"><b>CONSTRUCCI\u00d3N<\/b><\/td>\n<td width=\"397\">\n","protected":false},"excerpt":{"rendered":"<p><strong>Herramientas de Alineaci\u00f3n de Supresores SureFire<\/strong><\/p>\n","protected":false},"featured_media":47849,"template":"","meta":{"_acf_changed":false},"product_brand":[11874],"product_cat":[12251,12282,12214],"product_tag":[],"class_list":{"0":"post-47847","1":"product","2":"type-product","3":"status-publish","4":"has-post-thumbnail","6":"product_brand-surefire","7":"product_cat-accesorios-para-supresor","8":"product_cat-herramientas","9":"product_cat-supresores","11":"first","12":"instock","13":"taxable","14":"shipping-taxable","15":"purchasable","16":"product-type-variable","17":"wvs-archive-product-wrapper"},"acf":[],"_links":{"self":[{"href":"https:\/\/staging.nbg.eu\/es\/wp-json\/wp\/v2\/product\/47847","targetHints":{"allow":["GET"]}}],"collection":[{"href":"https:\/\/staging.nbg.eu\/es\/wp-json\/wp\/v2\/product"}],"about":[{"href":"https:\/\/staging.nbg.eu\/es\/wp-json\/wp\/v2\/types\/product"}],"wp:featuredmedia":[{"embeddable":true,"href":"https:\/\/staging.nbg.eu\/es\/wp-json\/wp\/v2\/media\/47849"}],"wp:attachment":[{"href":"https:\/\/staging.nbg.eu\/es\/wp-json\/wp\/v2\/media?parent=47847"}],"wp:term":[{"taxonomy":"product_brand","embeddable":true,"href":"https:\/\/staging.nbg.eu\/es\/wp-json\/wp\/v2\/product_brand?post=47847"},{"taxonomy":"product_cat","embeddable":true,"href":"https:\/\/staging.nbg.eu\/es\/wp-json\/wp\/v2\/product_cat?post=47847"},{"taxonomy":"product_tag","embeddable":true,"href":"https:\/\/staging.nbg.eu\/es\/wp-json\/wp\/v2\/product_tag?post=47847"}],"curies":[{"name":"wp","href":"https:\/\/api.w.org\/{rel}","templated":true}]}}