{"id":47641,"date":"2024-07-30T18:46:42","date_gmt":"2024-09-12T13:45:19","guid":{"rendered":"https:\/\/staging.nbg.eu\/product\/surefire-dg-11-switch\/"},"modified":"2024-09-12T13:46:10","modified_gmt":"2024-09-12T13:46:10","slug":"interruptor-surefire-dg-11","status":"publish","type":"product","link":"https:\/\/staging.nbg.eu\/es\/producto\/interruptor-surefire-dg-11\/","title":{"rendered":"Interruptor SureFire DG-11"},"content":{"rendered":"<div class=\"product-description\">\n<h2>Interruptor SureFire DG-11<\/h2>\n<p>El interruptor SureFire DG-11 est\u00e1 dise\u00f1ado para pistolas Glock Gen 3\/4\/5 con rieles para accesorios. Este interruptor de agarre ofrece:<\/p>\n<ul>\n<li>Activaci\u00f3n de la luz sin cambiar el agarre<\/li>\n<li>Interruptor ambidiestro de presi\u00f3n\/conmutaci\u00f3n moment\u00e1nea y constante<\/li>\n<li>Almohadilla central peque\u00f1a para control preciso<\/li>\n<li>Compatible con luces de la serie X (excepto XH50G)<\/li>\n<\/ul>\n<p>El DG-11 permite a los usuarios activar la luz con presi\u00f3n del dedo mientras mantienen el agarre en el arma. Este dise\u00f1o facilita el control r\u00e1pido y preciso de la luz en situaciones de estr\u00e9s, siendo \u00fatil para fuerzas del orden, personal militar y propietarios de armas responsables.<\/p>\n<\/div>\n","protected":false},"excerpt":{"rendered":"<p>Interruptor montado en la empu\u00f1adura para un control preciso de la luz t\u00e1ctica en pistolas Glock.<\/p>\n","protected":false},"featured_media":47642,"template":"","meta":{"_acf_changed":false},"product_brand":[11874],"product_cat":[12294,12270,12263],"product_tag":[],"class_list":{"0":"post-47641","1":"product","2":"type-product","3":"status-publish","4":"has-post-thumbnail","6":"product_brand-surefire","7":"product_cat-accesorios-para-linterna","8":"product_cat-linternas","9":"product_cat-linternas-para-pistola","11":"first","12":"instock","13":"taxable","14":"shipping-taxable","15":"purchasable","16":"product-type-simple"},"acf":[],"_links":{"self":[{"href":"https:\/\/staging.nbg.eu\/es\/wp-json\/wp\/v2\/product\/47641","targetHints":{"allow":["GET"]}}],"collection":[{"href":"https:\/\/staging.nbg.eu\/es\/wp-json\/wp\/v2\/product"}],"about":[{"href":"https:\/\/staging.nbg.eu\/es\/wp-json\/wp\/v2\/types\/product"}],"wp:featuredmedia":[{"embeddable":true,"href":"https:\/\/staging.nbg.eu\/es\/wp-json\/wp\/v2\/media\/47642"}],"wp:attachment":[{"href":"https:\/\/staging.nbg.eu\/es\/wp-json\/wp\/v2\/media?parent=47641"}],"wp:term":[{"taxonomy":"product_brand","embeddable":true,"href":"https:\/\/staging.nbg.eu\/es\/wp-json\/wp\/v2\/product_brand?post=47641"},{"taxonomy":"product_cat","embeddable":true,"href":"https:\/\/staging.nbg.eu\/es\/wp-json\/wp\/v2\/product_cat?post=47641"},{"taxonomy":"product_tag","embeddable":true,"href":"https:\/\/staging.nbg.eu\/es\/wp-json\/wp\/v2\/product_tag?post=47641"}],"curies":[{"name":"wp","href":"https:\/\/api.w.org\/{rel}","templated":true}]}}