{"id":47517,"date":"2024-07-30T18:47:47","date_gmt":"2024-09-12T13:40:10","guid":{"rendered":"https:\/\/staging.nbg.eu\/product\/surefire-x400t-a-rd\/"},"modified":"2025-02-19T15:09:26","modified_gmt":"2025-02-19T15:09:26","slug":"surefire-x400t-a-rd","status":"publish","type":"product","link":"https:\/\/staging.nbg.eu\/es\/producto\/surefire-x400t-a-rd\/","title":{"rendered":"SureFire X400T-A-RD"},"content":{"rendered":"<div class=\"product-description\">\n<h2>SureFire X400T-A-RD (L\u00e1ser Rojo) Luz para Arma<\/h2>\n<p>SureFire X400T-A-RD es una luz t\u00e1ctica dise\u00f1ada para profesionales. Con una intensidad m\u00e1xima de haz de 66,000 candelas y una salida de 650 l\u00famenes, esta luz ofrece:<\/p>\n<ul>\n<li>L\u00e1ser rojo integrado de 5 milivatios para adquisici\u00f3n de objetivos<\/li>\n<li>Patr\u00f3n de haz turbo para identificaci\u00f3n de objetivos a distancias largas<\/li>\n<li>Sistema de fijaci\u00f3n con palanca para montaje en rieles Universal y Picatinny<\/li>\n<li>Interruptor ambidiestro para activaci\u00f3n<\/li>\n<li>Compatible con fundas X300U-A existentes<\/li>\n<li>Cuerpo de aluminio aeroespacial con acabado anodizado duro Mil-Spec<\/li>\n<li>Clasificaci\u00f3n de impermeabilidad IPX7 (1 metro durante 30 minutos)<\/li>\n<li>1.5 horas de funcionamiento con dos bater\u00edas de litio 123A incluidas<\/li>\n<\/ul>\n<p>El X400T-A-RD combina luz blanca y un l\u00e1ser rojo para ayudar a identificar amenazas a distancias largas. Con interruptor ambidiestro para control con un dedo y un cuerpo resistente a la corrosi\u00f3n, esta luz para arma ofrece rendimiento y fiabilidad.<\/p>\n<\/div>\n","protected":false},"excerpt":{"rendered":"<p>SureFire X400T-A-RD: Luz t\u00e1ctica de 650 l\u00famenes con l\u00e1ser rojo, montada en riel.<\/p>\n","protected":false},"featured_media":47518,"template":"","meta":{"_acf_changed":false},"product_brand":[11874],"product_cat":[12270,12263,12236],"product_tag":[],"class_list":{"0":"post-47517","1":"product","2":"type-product","3":"status-publish","4":"has-post-thumbnail","6":"product_brand-surefire","7":"product_cat-linternas","8":"product_cat-linternas-para-pistola","9":"product_cat-pistola","11":"first","12":"instock","13":"taxable","14":"shipping-taxable","15":"purchasable","16":"product-type-simple"},"acf":[],"_links":{"self":[{"href":"https:\/\/staging.nbg.eu\/es\/wp-json\/wp\/v2\/product\/47517","targetHints":{"allow":["GET"]}}],"collection":[{"href":"https:\/\/staging.nbg.eu\/es\/wp-json\/wp\/v2\/product"}],"about":[{"href":"https:\/\/staging.nbg.eu\/es\/wp-json\/wp\/v2\/types\/product"}],"wp:featuredmedia":[{"embeddable":true,"href":"https:\/\/staging.nbg.eu\/es\/wp-json\/wp\/v2\/media\/47518"}],"wp:attachment":[{"href":"https:\/\/staging.nbg.eu\/es\/wp-json\/wp\/v2\/media?parent=47517"}],"wp:term":[{"taxonomy":"product_brand","embeddable":true,"href":"https:\/\/staging.nbg.eu\/es\/wp-json\/wp\/v2\/product_brand?post=47517"},{"taxonomy":"product_cat","embeddable":true,"href":"https:\/\/staging.nbg.eu\/es\/wp-json\/wp\/v2\/product_cat?post=47517"},{"taxonomy":"product_tag","embeddable":true,"href":"https:\/\/staging.nbg.eu\/es\/wp-json\/wp\/v2\/product_tag?post=47517"}],"curies":[{"name":"wp","href":"https:\/\/api.w.org\/{rel}","templated":true}]}}