{"id":47377,"date":"2024-07-30T18:47:47","date_gmt":"2024-09-12T13:25:12","guid":{"rendered":"https:\/\/staging.nbg.eu\/product\/surefire-maxvision-tactician-e2t-mv\/"},"modified":"2024-09-12T13:26:04","modified_gmt":"2024-09-12T13:26:04","slug":"linterna-tactica-surefire-maxvision-e2t-mv","status":"publish","type":"product","link":"https:\/\/staging.nbg.eu\/es\/producto\/linterna-tactica-surefire-maxvision-e2t-mv\/","title":{"rendered":"Linterna Tactica SureFire MAXVISION E2T-MV"},"content":{"rendered":"<div class=\"product-description\">\n<h2>SureFire MAXVISION Tactician E2T-MV<\/h2>\n<p>El SureFire MAXVISION Tactician E2T-MV es una linterna port\u00e1til que tambi\u00e9n puede usarse como luz de arma.<\/p>\n<ul>\n<li>LED de doble potencia con reflector MaxVision Beam\u00ae que crea un amplio haz de luz<\/li>\n<li>800 l\u00famenes en modo alto para tareas de largo alcance o t\u00e1cticas<\/li>\n<li>5 l\u00famenes en modo bajo para una duraci\u00f3n prolongada (95 horas)<\/li>\n<li>Interruptor t\u00e1ctico en la parte posterior para activaci\u00f3n moment\u00e1nea o constante<\/li>\n<li>Longitud compacta de 5.0 pulgadas y dise\u00f1o ligero de 3.5 onzas<\/li>\n<li>Construcci\u00f3n de aluminio con acabado anodizado duro seg\u00fan especificaciones militares<\/li>\n<li>Clasificaci\u00f3n de resistencia al agua IPX7<\/li>\n<li>Funciona con dos bater\u00edas 123A incluidas<\/li>\n<\/ul>\n<p>El dise\u00f1o del bisel permite ajustar r\u00e1pidamente la potencia: apretar para m\u00e1xima potencia o girar en sentido contrario a las agujas del reloj para baja potencia. Tiene una intensidad m\u00e1xima de haz de 3,200 candelas y una distancia de haz de 115 metros.<\/p>\n<\/div>\n","protected":false},"excerpt":{"rendered":"<p>Vers\u00e1til linterna t\u00e1ctica de 800 l\u00famenes con salida dual y haz MaxVision\u00ae.<\/p>\n","protected":false},"featured_media":47378,"template":"","meta":{"_acf_changed":false},"product_brand":[11874],"product_cat":[12269,12270,12238],"product_tag":[],"class_list":{"0":"post-47377","1":"product","2":"type-product","3":"status-publish","4":"has-post-thumbnail","6":"product_brand-surefire","7":"product_cat-edc","8":"product_cat-linternas","9":"product_cat-linternas-edc","11":"first","12":"instock","13":"taxable","14":"shipping-taxable","15":"purchasable","16":"product-type-simple"},"acf":[],"_links":{"self":[{"href":"https:\/\/staging.nbg.eu\/es\/wp-json\/wp\/v2\/product\/47377","targetHints":{"allow":["GET"]}}],"collection":[{"href":"https:\/\/staging.nbg.eu\/es\/wp-json\/wp\/v2\/product"}],"about":[{"href":"https:\/\/staging.nbg.eu\/es\/wp-json\/wp\/v2\/types\/product"}],"wp:featuredmedia":[{"embeddable":true,"href":"https:\/\/staging.nbg.eu\/es\/wp-json\/wp\/v2\/media\/47378"}],"wp:attachment":[{"href":"https:\/\/staging.nbg.eu\/es\/wp-json\/wp\/v2\/media?parent=47377"}],"wp:term":[{"taxonomy":"product_brand","embeddable":true,"href":"https:\/\/staging.nbg.eu\/es\/wp-json\/wp\/v2\/product_brand?post=47377"},{"taxonomy":"product_cat","embeddable":true,"href":"https:\/\/staging.nbg.eu\/es\/wp-json\/wp\/v2\/product_cat?post=47377"},{"taxonomy":"product_tag","embeddable":true,"href":"https:\/\/staging.nbg.eu\/es\/wp-json\/wp\/v2\/product_tag?post=47377"}],"curies":[{"name":"wp","href":"https:\/\/api.w.org\/{rel}","templated":true}]}}