{"id":47261,"date":"2024-07-30T18:50:58","date_gmt":"2024-09-12T13:12:42","guid":{"rendered":"https:\/\/staging.nbg.eu\/product\/surefire-b12-lithium-polymer-battery\/"},"modified":"2024-09-12T13:13:35","modified_gmt":"2024-09-12T13:13:35","slug":"bateria-polimero-litio-surefire-b12","status":"publish","type":"product","link":"https:\/\/staging.nbg.eu\/es\/producto\/bateria-polimero-litio-surefire-b12\/","title":{"rendered":"Bateria Polimero Litio SureFire B12"},"content":{"rendered":"<div class=\"product-description\">\n<h2>BATER\u00cdA DE POL\u00cdMERO DE LITIO SUREFIRE B12<\/h2>\n<p>Alimente sus luces para armas SureFire XSC Series micro-compactas con la bater\u00eda B12 de pol\u00edmero de litio. Esta bater\u00eda recargable de desconexi\u00f3n r\u00e1pida est\u00e1 dise\u00f1ada para cambios r\u00e1pidos sin quitar el XSC de su pistola.<\/p>\n<ul>\n<li>Dise\u00f1ada espec\u00edficamente para las luces para armas SureFire XSC<\/li>\n<li>Proporciona hasta 30 minutos de funcionamiento a 350 l\u00famenes<\/li>\n<li>Indicador de carga con bot\u00f3n para verificar r\u00e1pidamente el estado de la bater\u00eda<\/li>\n<li>Compatible con el cargador SureFire CH21 para recargar f\u00e1cilmente<\/li>\n<li>Soluci\u00f3n econ\u00f3mica para uso a largo plazo<\/li>\n<\/ul>\n<p>La SureFire B12 es la fuente de energ\u00eda para su luz para armas XSC.<\/p>\n<\/div>\n","protected":false},"excerpt":{"rendered":"<p>Bater\u00eda recargable para linternas SureFire XSC WeaponLights. Intercambio r\u00e1pido, 30 minutos de funcionamiento.<\/p>\n","protected":false},"featured_media":47262,"template":"","meta":{"_acf_changed":false},"product_brand":[11874],"product_cat":[12218,12270],"product_tag":[],"class_list":{"0":"post-47261","1":"product","2":"type-product","3":"status-publish","4":"has-post-thumbnail","6":"product_brand-surefire","7":"product_cat-baterias","8":"product_cat-linternas","10":"first","11":"instock","12":"taxable","13":"shipping-taxable","14":"purchasable","15":"product-type-simple"},"acf":[],"_links":{"self":[{"href":"https:\/\/staging.nbg.eu\/es\/wp-json\/wp\/v2\/product\/47261","targetHints":{"allow":["GET"]}}],"collection":[{"href":"https:\/\/staging.nbg.eu\/es\/wp-json\/wp\/v2\/product"}],"about":[{"href":"https:\/\/staging.nbg.eu\/es\/wp-json\/wp\/v2\/types\/product"}],"wp:featuredmedia":[{"embeddable":true,"href":"https:\/\/staging.nbg.eu\/es\/wp-json\/wp\/v2\/media\/47262"}],"wp:attachment":[{"href":"https:\/\/staging.nbg.eu\/es\/wp-json\/wp\/v2\/media?parent=47261"}],"wp:term":[{"taxonomy":"product_brand","embeddable":true,"href":"https:\/\/staging.nbg.eu\/es\/wp-json\/wp\/v2\/product_brand?post=47261"},{"taxonomy":"product_cat","embeddable":true,"href":"https:\/\/staging.nbg.eu\/es\/wp-json\/wp\/v2\/product_cat?post=47261"},{"taxonomy":"product_tag","embeddable":true,"href":"https:\/\/staging.nbg.eu\/es\/wp-json\/wp\/v2\/product_tag?post=47261"}],"curies":[{"name":"wp","href":"https:\/\/api.w.org\/{rel}","templated":true}]}}