{"id":47203,"date":"2024-07-30T18:50:58","date_gmt":"2024-07-30T18:50:58","guid":{"rendered":"https:\/\/staging.nbg.eu\/product\/surefire-sflfp123-batteries-charger\/"},"modified":"2024-09-12T13:09:04","modified_gmt":"2024-09-12T13:09:04","slug":"baterias-surefire-sflfp123-con-cargador","status":"publish","type":"product","link":"https:\/\/staging.nbg.eu\/es\/producto\/baterias-surefire-sflfp123-con-cargador\/","title":{"rendered":"Baterias SureFire SFLFP123 con Cargador"},"content":{"rendered":"<p>Kit de bater\u00edas SureFire SFLFP123 y cargador:<\/p>\n<ul>\n<li>Las bater\u00edas SFLFP123 recargables ahorran dinero en comparaci\u00f3n con las bater\u00edas de litio 123A desechables<\/li>\n<li>No contiene metales pesados peligrosos<\/li>\n<li>Cargador de dos bah\u00edas para recargar en casa o en movimiento<\/li>\n<li>El kit incluye:\n<ul>\n<li>Dos celdas recargables de fosfato de hierro y litio (LiFePO4) de 450mAh y 3.2V<\/li>\n<li>Cargador de bater\u00edas de dos bah\u00edas<\/li>\n<li>Cable MICRO-USB a USB-A<\/li>\n<\/ul>\n<\/li>\n<\/ul>\n<p>Kit de bater\u00edas SureFire SFLFP123 y cargador.<\/p>\n","protected":false},"excerpt":{"rendered":"<p>Bater\u00edas recargables LiFePO4 con cargador. Ecol\u00f3gicas y rentables.<\/p>\n","protected":false},"featured_media":47181,"template":"","meta":{"_acf_changed":false},"product_brand":[11874],"product_cat":[12294,12218,12270],"product_tag":[],"class_list":{"0":"post-47203","1":"product","2":"type-product","3":"status-publish","4":"has-post-thumbnail","6":"product_brand-surefire","7":"product_cat-accesorios-para-linterna","8":"product_cat-baterias","9":"product_cat-linternas","11":"first","12":"outofstock","13":"taxable","14":"shipping-taxable","15":"purchasable","16":"product-type-simple"},"acf":[],"_links":{"self":[{"href":"https:\/\/staging.nbg.eu\/es\/wp-json\/wp\/v2\/product\/47203","targetHints":{"allow":["GET"]}}],"collection":[{"href":"https:\/\/staging.nbg.eu\/es\/wp-json\/wp\/v2\/product"}],"about":[{"href":"https:\/\/staging.nbg.eu\/es\/wp-json\/wp\/v2\/types\/product"}],"wp:featuredmedia":[{"embeddable":true,"href":"https:\/\/staging.nbg.eu\/es\/wp-json\/wp\/v2\/media\/47181"}],"wp:attachment":[{"href":"https:\/\/staging.nbg.eu\/es\/wp-json\/wp\/v2\/media?parent=47203"}],"wp:term":[{"taxonomy":"product_brand","embeddable":true,"href":"https:\/\/staging.nbg.eu\/es\/wp-json\/wp\/v2\/product_brand?post=47203"},{"taxonomy":"product_cat","embeddable":true,"href":"https:\/\/staging.nbg.eu\/es\/wp-json\/wp\/v2\/product_cat?post=47203"},{"taxonomy":"product_tag","embeddable":true,"href":"https:\/\/staging.nbg.eu\/es\/wp-json\/wp\/v2\/product_tag?post=47203"}],"curies":[{"name":"wp","href":"https:\/\/api.w.org\/{rel}","templated":true}]}}