{"id":46843,"date":"2024-07-30T19:41:53","date_gmt":"2024-09-12T12:04:58","guid":{"rendered":"https:\/\/staging.nbg.eu\/product\/iosso-pistol-brush\/"},"modified":"2024-09-12T12:06:30","modified_gmt":"2024-09-12T12:06:30","slug":"cepillo-iosso-para-pistola","status":"publish","type":"product","link":"https:\/\/staging.nbg.eu\/es\/producto\/cepillo-iosso-para-pistola\/","title":{"rendered":"Cepillo Iosso para Pistola"},"content":{"rendered":"<p>\nEl <strong>Cepillo de Pistola Iosso<\/strong> es una herramienta de limpieza de ca\u00f1\u00f3n dise\u00f1ada para un rendimiento superior:<\/p>\n<ul>\n<li>Fibras de color azul cobalto para f\u00e1cil identificaci\u00f3n<\/li>\n<li>Cerdas m\u00e1s gruesas y r\u00edgidas permiten acci\u00f3n de ida y vuelta<\/li>\n<li>8-10 veces m\u00e1s duradero que los cepillos tradicionales<\/li>\n<li>Densamente enrollado con m\u00e1s fibra por pulgada<\/li>\n<li>Ideal para usar con el Limpiador de Ca\u00f1\u00f3n Iosso y la Soluci\u00f3n de Triple Acci\u00f3n<\/li>\n<li>Elimina eficazmente todos los tipos de suciedad<\/li>\n<li>Reduce el tiempo de limpieza para un ca\u00f1\u00f3n extremadamente limpio<\/li>\n<\/ul>\n<p>Disponible en varios tama\u00f1os de armas de fuego. Los cepillos azules son una marca registrada de Iosso Products.<\/p>\n","protected":false},"excerpt":{"rendered":"<p>Cepillo de pistola azul cobalto duradero para una limpieza eficiente y minuciosa del ca\u00f1\u00f3n.<\/p>\n","protected":false},"featured_media":107503,"template":"","meta":{"_acf_changed":false},"product_brand":[11484],"product_cat":[12287,12260],"product_tag":[],"class_list":{"0":"post-46843","1":"product","2":"type-product","3":"status-publish","4":"has-post-thumbnail","6":"product_brand-iosso","7":"product_cat-cepillos","8":"product_cat-limpieza-de-armas","10":"first","11":"instock","12":"taxable","13":"shipping-taxable","14":"purchasable","15":"product-type-variable","16":"wvs-archive-product-wrapper"},"acf":[],"_links":{"self":[{"href":"https:\/\/staging.nbg.eu\/es\/wp-json\/wp\/v2\/product\/46843","targetHints":{"allow":["GET"]}}],"collection":[{"href":"https:\/\/staging.nbg.eu\/es\/wp-json\/wp\/v2\/product"}],"about":[{"href":"https:\/\/staging.nbg.eu\/es\/wp-json\/wp\/v2\/types\/product"}],"wp:featuredmedia":[{"embeddable":true,"href":"https:\/\/staging.nbg.eu\/es\/wp-json\/wp\/v2\/media\/107503"}],"wp:attachment":[{"href":"https:\/\/staging.nbg.eu\/es\/wp-json\/wp\/v2\/media?parent=46843"}],"wp:term":[{"taxonomy":"product_brand","embeddable":true,"href":"https:\/\/staging.nbg.eu\/es\/wp-json\/wp\/v2\/product_brand?post=46843"},{"taxonomy":"product_cat","embeddable":true,"href":"https:\/\/staging.nbg.eu\/es\/wp-json\/wp\/v2\/product_cat?post=46843"},{"taxonomy":"product_tag","embeddable":true,"href":"https:\/\/staging.nbg.eu\/es\/wp-json\/wp\/v2\/product_tag?post=46843"}],"curies":[{"name":"wp","href":"https:\/\/api.w.org\/{rel}","templated":true}]}}